{"id":32026,"date":"2021-10-18T18:48:29","date_gmt":"2021-10-18T20:48:29","guid":{"rendered":"https:\/\/www.tiendaled.cl\/?post_type=product&#038;p=32026"},"modified":"2025-01-03T13:40:39","modified_gmt":"2025-01-03T15:40:39","slug":"foco-mini-proyector-led-50w-smd-ip67-certificacion-sec","status":"publish","type":"product","link":"https:\/\/www.tiendaled.cl\/?product=foco-mini-proyector-led-50w-smd-ip67-certificacion-sec","title":{"rendered":"Foco Mini Proyector Led 50w Smd Ip67 \/ Certificaci\u00f3n Sec"},"content":{"rendered":"<p>FOCO Mini PROYECTOR LED DE 50W SMD IMPERMEABLE MULTILED IP67<\/p>\n<p>Certificacion SEC<\/p>\n<p>Para instalaciones exteriores en superficie.<\/p>\n<p>Encendido instant\u00e1neo y sin parpadeos (eliminaci\u00f3n de efecto estrobosc\u00f3pico). Disipador de aluminio para una mayor vida \u00fatil. Pantalla opaca para evitar reflejos. Ahorro de energ\u00eda de entre un 60% y un 80%.<br \/>\nVida estimada de 30.000 y 50.000 horas. Driver externo para que no le afecta la temperatura de los LEDs, de gran calidad.<br \/>\nDETALLES<\/p>\n<p>Potencia: 50W<br \/>\nTama\u00f1o: 132x170x13mm<br \/>\nGrosor: 13 mm<br \/>\nInstalaci\u00f3n: Empotr. interior IP67<br \/>\nTemperatura de color: C\u00e1lido 3000K \/ Frio 6500K<br \/>\nL\u00famenes: 4.500 Lm<br \/>\n\u00c1ngulo apertura: 180\u00ba<br \/>\nConstrucci\u00f3n: Aluminio &#8211; negro<br \/>\nVoltaje: 220-240 VAC<\/p>\n","protected":false},"excerpt":{"rendered":"<p>FOCO Mini PROYECTOR LED DE 50W SMD IMPERMEABLE MULTILED IP67 Certificacion SEC Para instalaciones exteriores en superficie. Encendido instant\u00e1neo y sin parpadeos (eliminaci\u00f3n de efecto estrobosc\u00f3pico). Disipador de aluminio para una mayor vida \u00fatil. Pantalla opaca para evitar reflejos. Ahorro de energ\u00eda de entre un 60% y un 80%. Vida estimada de 30.000 y 50.000 [&#8230;]\n","protected":false},"featured_media":32038,"comment_status":"open","ping_status":"closed","template":"","meta":{"_joinchat":[]},"product_brand":[],"product_cat":[92,98,101,118],"product_tag":[150,152,151],"class_list":{"0":"post-32026","1":"product","2":"type-product","3":"status-publish","4":"has-post-thumbnail","6":"product_cat-productos-led","7":"product_cat-proyectores-led","8":"product_cat-luminaria-led","9":"product_cat-proyecto-de-iluminacion","10":"product_tag-focos-led","11":"product_tag-focos-proyectores","12":"product_tag-proyectores-led","14":"first","15":"instock","16":"shipping-taxable","17":"purchasable","18":"product-type-simple"},"_links":{"self":[{"href":"https:\/\/www.tiendaled.cl\/index.php?rest_route=\/wp\/v2\/product\/32026","targetHints":{"allow":["GET"]}}],"collection":[{"href":"https:\/\/www.tiendaled.cl\/index.php?rest_route=\/wp\/v2\/product"}],"about":[{"href":"https:\/\/www.tiendaled.cl\/index.php?rest_route=\/wp\/v2\/types\/product"}],"replies":[{"embeddable":true,"href":"https:\/\/www.tiendaled.cl\/index.php?rest_route=%2Fwp%2Fv2%2Fcomments&post=32026"}],"wp:featuredmedia":[{"embeddable":true,"href":"https:\/\/www.tiendaled.cl\/index.php?rest_route=\/wp\/v2\/media\/32038"}],"wp:attachment":[{"href":"https:\/\/www.tiendaled.cl\/index.php?rest_route=%2Fwp%2Fv2%2Fmedia&parent=32026"}],"wp:term":[{"taxonomy":"product_brand","embeddable":true,"href":"https:\/\/www.tiendaled.cl\/index.php?rest_route=%2Fwp%2Fv2%2Fproduct_brand&post=32026"},{"taxonomy":"product_cat","embeddable":true,"href":"https:\/\/www.tiendaled.cl\/index.php?rest_route=%2Fwp%2Fv2%2Fproduct_cat&post=32026"},{"taxonomy":"product_tag","embeddable":true,"href":"https:\/\/www.tiendaled.cl\/index.php?rest_route=%2Fwp%2Fv2%2Fproduct_tag&post=32026"}],"curies":[{"name":"wp","href":"https:\/\/api.w.org\/{rel}","templated":true}]}}