{"id":31797,"date":"2021-10-09T05:59:23","date_gmt":"2021-10-09T07:59:23","guid":{"rendered":"https:\/\/www.tiendaled.cl\/?post_type=product&#038;p=31797"},"modified":"2022-12-06T00:33:21","modified_gmt":"2022-12-06T02:33:21","slug":"foco-solar-recargable-3-aspas-para-camping-y-emergencias","status":"publish","type":"product","link":"https:\/\/www.tiendaled.cl\/?product=foco-solar-recargable-3-aspas-para-camping-y-emergencias","title":{"rendered":"Foco Solar Recargable 3 Aspas Para Camping Y Emergencias"},"content":{"rendered":"<p>Foco Triple Recargable Solar y 220V<br \/>\nIdeal para trasnportarla a cualquier lugar,<br \/>\nPuedes recargarse a traves de sus peque\u00f1as celdas solares como tambien directamente a la corriente<\/p>\n<p>Bajo consumo de energ\u00eda, alto brillo, rendimiento estable.<br \/>\nSu estado maximo de iluminacion entrega hasta 30w y puedes cubrir hasta 80MT<\/p>\n<p>Hay dos modos de iluminaci\u00f3n para los interruptores de encendido\/apagado: luz fuerte y luz d\u00e9bil.<br \/>\nLa bater\u00eda de litio recargable integrada se carga autom\u00e1ticamente cuando est\u00e1 conectada al enchufe (incluyendo el adaptador de corriente).<br \/>\nLigero, compacto y duradero. Equipado con ganchos de acero inoxidable, f\u00e1cil de colgar y transportar.<br \/>\nPrducto idela para la iluminaci\u00f3n de emergencia, en el camping al aire libre, la pesca por la noche, la terraza o cualquier otro lugar donde no tengas energia electrica<\/p>\n<p>Especificaciones:<br \/>\nMaterial: Gancho de acero inoxidable para poder colgarla<br \/>\nColor del producto: negro<br \/>\nColor de luz: blanco<br \/>\nFuente de luz: LED<br \/>\nCantidad: 72LED<br \/>\nFuente de alimentaci\u00f3n: bater\u00eda de litio recargable integrada<br \/>\nTama\u00f1o:16*17 cm<\/p>\n","protected":false},"excerpt":{"rendered":"<p>Foco Triple Recargable Solar y 220V Ideal para trasnportarla a cualquier lugar, Puedes recargarse a traves de sus peque\u00f1as celdas solares como tambien directamente a la corriente Bajo consumo de energ\u00eda, alto brillo, rendimiento estable. Su estado maximo de iluminacion entrega hasta 30w y puedes cubrir hasta 80MT Hay dos modos de iluminaci\u00f3n para los [&#8230;]\n","protected":false},"featured_media":31806,"comment_status":"open","ping_status":"closed","template":"","meta":{"_joinchat":[]},"product_brand":[],"product_cat":[146,92,93,102,112,116,113],"product_tag":[188,155,213,214,212,215],"class_list":{"0":"post-31797","1":"product","2":"type-product","3":"status-publish","4":"has-post-thumbnail","6":"product_cat-luces-de-emergencia","7":"product_cat-productos-led","8":"product_cat-ampolletas-led","9":"product_cat-luminaria-de-emergencia","10":"product_cat-iluminacion-solar","11":"product_cat-focos-proyectores","12":"product_cat-luminaria-solar","13":"product_tag-iluminacion-led","14":"product_tag-iluminacionsolar","15":"product_tag-luces-de-emergencia","16":"product_tag-luminaria-solar","17":"product_tag-luz-emergencia","18":"product_tag-luz-recargable","20":"first","21":"instock","22":"shipping-taxable","23":"purchasable","24":"product-type-simple"},"_links":{"self":[{"href":"https:\/\/www.tiendaled.cl\/index.php?rest_route=\/wp\/v2\/product\/31797","targetHints":{"allow":["GET"]}}],"collection":[{"href":"https:\/\/www.tiendaled.cl\/index.php?rest_route=\/wp\/v2\/product"}],"about":[{"href":"https:\/\/www.tiendaled.cl\/index.php?rest_route=\/wp\/v2\/types\/product"}],"replies":[{"embeddable":true,"href":"https:\/\/www.tiendaled.cl\/index.php?rest_route=%2Fwp%2Fv2%2Fcomments&post=31797"}],"wp:featuredmedia":[{"embeddable":true,"href":"https:\/\/www.tiendaled.cl\/index.php?rest_route=\/wp\/v2\/media\/31806"}],"wp:attachment":[{"href":"https:\/\/www.tiendaled.cl\/index.php?rest_route=%2Fwp%2Fv2%2Fmedia&parent=31797"}],"wp:term":[{"taxonomy":"product_brand","embeddable":true,"href":"https:\/\/www.tiendaled.cl\/index.php?rest_route=%2Fwp%2Fv2%2Fproduct_brand&post=31797"},{"taxonomy":"product_cat","embeddable":true,"href":"https:\/\/www.tiendaled.cl\/index.php?rest_route=%2Fwp%2Fv2%2Fproduct_cat&post=31797"},{"taxonomy":"product_tag","embeddable":true,"href":"https:\/\/www.tiendaled.cl\/index.php?rest_route=%2Fwp%2Fv2%2Fproduct_tag&post=31797"}],"curies":[{"name":"wp","href":"https:\/\/api.w.org\/{rel}","templated":true}]}}