{"id":31669,"date":"2021-10-06T13:59:08","date_gmt":"2021-10-06T15:59:08","guid":{"rendered":"https:\/\/www.tiendaled.cl\/?post_type=product&#038;p=31669"},"modified":"2025-11-04T15:23:02","modified_gmt":"2025-11-04T17:23:02","slug":"foco-led-emergencia-portatil-100w-recargable-12-220v","status":"publish","type":"product","link":"https:\/\/www.tiendaled.cl\/?product=foco-led-emergencia-portatil-100w-recargable-12-220v","title":{"rendered":"Foco Led Emergencia Portatil 100w Recargable 12\/220v"},"content":{"rendered":"<p>FOCO LED EMERGENCIA PORTATIL 100W 12 V 220 V PORTABLE<br \/>\nIDEAL CAMPING &#8211; PESCA &#8211; OBRAS<\/p>\n<p>Este foco led de 100w de potencia con bateria recargable es perfecto para cualquier situaci\u00f3n de emergencia ante la falta de luz, un complemento ideal para llevarlo en el coche, un sistema de iluminaci\u00f3n barato y ecol\u00f3gico para llevar de camping, o como sistema iluminador de estancias en obras&#8230;<br \/>\nEl foco de emergencia es completamente port\u00e1til, incluye dos cargadores (para auto y corriente el\u00e9ctrica), est\u00e1 fabricado en aluminio y cuenta con el est\u00e1ndar de protecci\u00f3n ip65, lo que indica que es completamente resistente al polvo y al agua, permitimtiendo utilizarlo tanto en interior como en exteriores.<\/p>\n<p>El foco led tiene una potencia de 100w equivalente a un foco cl\u00e1sico de 1000w, lo que supone un ahorro de hasta el 85% en gasto energ\u00e9tico, dispone de un flujo luminoso de 7600 . 7800 l\u00famenes con un \u00e1ngulo de iluminaci\u00f3n m\u00e1ximo de 120\u00ba. La tonalidad de luz es \u00abBlanco Frio\u00bb con una temperatura de 5500k. El tiempo de trabajo del foco usando la bateria es de 4 a 5 horas aproximadamente y la carga estimada es de 8 horas.<\/p>\n<p>&nbsp;<\/p>\n<p>La bateria de litio del foco es de 4400mAh, con una vida \u00fatil de 50.000 horas aprox. Unas 15 veces superior a un hal\u00f3geno cl\u00e1sico. El foco no genera temperatura durante su funcionamiento, lo que hace que sea seguro en entornos con gente alrededor (camping, celebraciones&#8230;). Con sus dos cargadores adjuntos puede disponer del foco en cualquier momento. Puede usarse de manera completamente independiente o puede sujetarse mediante una tuerca manual en el pie de aluminio incorporado.<\/p>\n<p>Con un peso de apenas 1.6 kg, medidas de 145 x 165 x 230mm, chip led que otorga durabilidad y ahorro, y una calidad indiscutible, este foco se har\u00e1 indispensable en muchos momentos. Emergencias ante falta de luz, funci\u00f3n de l\u00e1mpara en acampada, obras, senderismo&#8230;<\/p>\n<p>CARACTER\u00cdSTICAS T\u00c9CNICAS:<\/p>\n<p>&nbsp;<\/p>\n<p>REFLECTOR LED 100W<br \/>\nVOLTAJE: 12 V &#8211; 220 V<br \/>\nLUZ BLANCA FRIA<br \/>\nTIEMPO DE CARGA: 8HORAS<br \/>\nAUTONOM\u00cdA: 4-5 HORAS<br \/>\nEQUIVALENCIA: 1000 WATTS<br \/>\nPESO: 1.6 KG<br \/>\nVIDA \u00daTIL: 50.000 HS<br \/>\nINCLUYE CARGADOR 220 V &#8211; 12 V<\/p>\n","protected":false},"excerpt":{"rendered":"<p>FOCO LED EMERGENCIA PORTATIL 100W 12 V 220 V PORTABLE IDEAL CAMPING &#8211; PESCA &#8211; OBRAS Este foco led de 100w de potencia con bateria recargable es perfecto para cualquier situaci\u00f3n de emergencia ante la falta de luz, un complemento ideal para llevarlo en el coche, un sistema de iluminaci\u00f3n barato y ecol\u00f3gico para llevar [&#8230;]\n","protected":false},"featured_media":31677,"comment_status":"open","ping_status":"closed","template":"","meta":{"_joinchat":[]},"product_brand":[],"product_cat":[146,92,98,102],"product_tag":[210,211,150,152],"class_list":{"0":"post-31669","1":"product","2":"type-product","3":"status-publish","4":"has-post-thumbnail","6":"product_cat-luces-de-emergencia","7":"product_cat-productos-led","8":"product_cat-proyectores-led","9":"product_cat-luminaria-de-emergencia","10":"product_tag-foco-recargable","11":"product_tag-foco-solar","12":"product_tag-focos-led","13":"product_tag-focos-proyectores","15":"first","16":"instock","17":"shipping-taxable","18":"purchasable","19":"product-type-simple"},"_links":{"self":[{"href":"https:\/\/www.tiendaled.cl\/index.php?rest_route=\/wp\/v2\/product\/31669","targetHints":{"allow":["GET"]}}],"collection":[{"href":"https:\/\/www.tiendaled.cl\/index.php?rest_route=\/wp\/v2\/product"}],"about":[{"href":"https:\/\/www.tiendaled.cl\/index.php?rest_route=\/wp\/v2\/types\/product"}],"replies":[{"embeddable":true,"href":"https:\/\/www.tiendaled.cl\/index.php?rest_route=%2Fwp%2Fv2%2Fcomments&post=31669"}],"wp:featuredmedia":[{"embeddable":true,"href":"https:\/\/www.tiendaled.cl\/index.php?rest_route=\/wp\/v2\/media\/31677"}],"wp:attachment":[{"href":"https:\/\/www.tiendaled.cl\/index.php?rest_route=%2Fwp%2Fv2%2Fmedia&parent=31669"}],"wp:term":[{"taxonomy":"product_brand","embeddable":true,"href":"https:\/\/www.tiendaled.cl\/index.php?rest_route=%2Fwp%2Fv2%2Fproduct_brand&post=31669"},{"taxonomy":"product_cat","embeddable":true,"href":"https:\/\/www.tiendaled.cl\/index.php?rest_route=%2Fwp%2Fv2%2Fproduct_cat&post=31669"},{"taxonomy":"product_tag","embeddable":true,"href":"https:\/\/www.tiendaled.cl\/index.php?rest_route=%2Fwp%2Fv2%2Fproduct_tag&post=31669"}],"curies":[{"name":"wp","href":"https:\/\/api.w.org\/{rel}","templated":true}]}}