{"id":3162,"date":"2018-10-16T02:44:30","date_gmt":"2018-10-16T04:44:30","guid":{"rendered":"http:\/\/www.tiendaled.cl\/?post_type=product&#038;p=3162"},"modified":"2025-06-08T12:17:20","modified_gmt":"2025-06-08T14:17:20","slug":"lampara-industrial-triple-polea-inluye-3-ampolletas-led-vintage","status":"publish","type":"product","link":"https:\/\/www.tiendaled.cl\/?product=lampara-industrial-triple-polea-inluye-3-ampolletas-led-vintage","title":{"rendered":"Lampara Industrial Triple Polea Inluye 3 Ampolletas Led Vintage"},"content":{"rendered":"<ul>\n<li>Fabricada en hierro colado y lacada en negro.<br \/>\nL\u00e1mpara de mediana-gran dimensi\u00f3n, de dise\u00f1o industrial, para 3 Ampolletas E27<br \/>\nIdeal para encima de la mesa..<br \/>\nMy facil de ajustar la altura gracias a su juego de poleas.<br \/>\nCuenta con tres bellos PORTAL\u00c1MPARAS DE ESTILO VINTAGE EN COLOR DORADO los cuales dan paso a unos platillos negros a modo de difusores<br \/>\nALTO 850mm, ANCHO 860mm, SOQUETE E27 (tradicional), COLOR Negro \/ Dorado<br \/>\nIdeal para hosteler\u00eda, tanto bares como restaurantes, hoteles y casas de campo.<br \/>\nPara decoraci\u00f3n de interiores con estilo industrial y vintage, tanto en el hogar como en locales comerciales.<br \/>\nMuy recomendable para uso encima de la mesa, con la posibilidad de jugar con la altura para adaptarse perfectamente a cualquier ambiente y tipo de mesa<br \/>\nIncluye 3 ampolletas de filamento led Vintage<\/li>\n<\/ul>\n","protected":false},"excerpt":{"rendered":"<p>Fabricada en hierro colado y lacada en negro. L\u00e1mpara de mediana-gran dimensi\u00f3n, de dise\u00f1o industrial, para 3 Ampolletas E27 Ideal para encima de la mesa.. My facil de ajustar la altura gracias a su juego de poleas. Cuenta con tres bellos PORTAL\u00c1MPARAS DE ESTILO VINTAGE EN COLOR DORADO los cuales dan paso a unos platillos [&#8230;]\n","protected":false},"featured_media":3164,"comment_status":"open","ping_status":"closed","template":"","meta":{"_joinchat":[]},"product_brand":[],"product_cat":[111],"product_tag":[120,122,123,124],"class_list":{"0":"post-3162","1":"product","2":"type-product","3":"status-publish","4":"has-post-thumbnail","6":"product_cat-lamparas-colgantes","7":"product_tag-lampara","8":"product_tag-lampara-colgante","9":"product_tag-lampara-triple","10":"product_tag-lampara-vintage","12":"first","13":"instock","14":"shipping-taxable","15":"purchasable","16":"product-type-simple"},"_links":{"self":[{"href":"https:\/\/www.tiendaled.cl\/index.php?rest_route=\/wp\/v2\/product\/3162","targetHints":{"allow":["GET"]}}],"collection":[{"href":"https:\/\/www.tiendaled.cl\/index.php?rest_route=\/wp\/v2\/product"}],"about":[{"href":"https:\/\/www.tiendaled.cl\/index.php?rest_route=\/wp\/v2\/types\/product"}],"replies":[{"embeddable":true,"href":"https:\/\/www.tiendaled.cl\/index.php?rest_route=%2Fwp%2Fv2%2Fcomments&post=3162"}],"wp:featuredmedia":[{"embeddable":true,"href":"https:\/\/www.tiendaled.cl\/index.php?rest_route=\/wp\/v2\/media\/3164"}],"wp:attachment":[{"href":"https:\/\/www.tiendaled.cl\/index.php?rest_route=%2Fwp%2Fv2%2Fmedia&parent=3162"}],"wp:term":[{"taxonomy":"product_brand","embeddable":true,"href":"https:\/\/www.tiendaled.cl\/index.php?rest_route=%2Fwp%2Fv2%2Fproduct_brand&post=3162"},{"taxonomy":"product_cat","embeddable":true,"href":"https:\/\/www.tiendaled.cl\/index.php?rest_route=%2Fwp%2Fv2%2Fproduct_cat&post=3162"},{"taxonomy":"product_tag","embeddable":true,"href":"https:\/\/www.tiendaled.cl\/index.php?rest_route=%2Fwp%2Fv2%2Fproduct_tag&post=3162"}],"curies":[{"name":"wp","href":"https:\/\/api.w.org\/{rel}","templated":true}]}}