{"id":3152,"date":"2018-10-16T02:38:02","date_gmt":"2018-10-16T04:38:02","guid":{"rendered":"http:\/\/www.tiendaled.cl\/?post_type=product&#038;p=3152"},"modified":"2023-06-25T10:13:38","modified_gmt":"2023-06-25T12:13:38","slug":"lampara-techo-retro-industrial-plafon-con-soquete-bronce-inluye-ampolleta","status":"publish","type":"product","link":"https:\/\/www.tiendaled.cl\/?product=lampara-techo-retro-industrial-plafon-con-soquete-bronce-inluye-ampolleta","title":{"rendered":"L\u00e1mpara Techo Retro Industrial Plaf\u00f3n Con Soquete Bronce   Inluye Ampolleta"},"content":{"rendered":"<ul>\n<li>No es s\u00f3lo una Lampara, sino tambi\u00e9n una hermosa decoraci\u00f3n para tus espacios,<br \/>\nPerfecta para la cocina\/comedor\/dormitorio\/caf\u00e9\/bar\/club<br \/>\nIluminaci\u00f3n Deco, Elegante, de color negro y un soquete vintage de color bornce, dandole un toque moderno y vintage a la vez<br \/>\nProducto de Alta calidadIncluye Ampolleta Vintage led de filamento de 4w<br \/>\nTama\u00f1o ideal de la habitaci\u00f3n donde se instalara: 10 \u2013 15 \u00bf.Soquete Tradicional E27 [ max. 60 W] |<br \/>\nDimensiones: 32 cm diametro<br \/>\nCable: 100 cm<br \/>\nMaterial: Hierro.<\/li>\n<\/ul>\n","protected":false},"excerpt":{"rendered":"<p>No es s\u00f3lo una Lampara, sino tambi\u00e9n una hermosa decoraci\u00f3n para tus espacios, Perfecta para la cocina\/comedor\/dormitorio\/caf\u00e9\/bar\/club Iluminaci\u00f3n Deco, Elegante, de color negro y un soquete vintage de color bornce, dandole un toque moderno y vintage a la vez Producto de Alta calidadIncluye Ampolleta Vintage led de filamento de 4w Tama\u00f1o ideal de la habitaci\u00f3n [&#8230;]\n","protected":false},"featured_media":3153,"comment_status":"open","ping_status":"closed","template":"","meta":{"_joinchat":[]},"product_brand":[],"product_cat":[111],"product_tag":[120],"class_list":{"0":"post-3152","1":"product","2":"type-product","3":"status-publish","4":"has-post-thumbnail","6":"product_cat-lamparas-colgantes","7":"product_tag-lampara","9":"first","10":"instock","11":"shipping-taxable","12":"purchasable","13":"product-type-simple"},"_links":{"self":[{"href":"https:\/\/www.tiendaled.cl\/index.php?rest_route=\/wp\/v2\/product\/3152","targetHints":{"allow":["GET"]}}],"collection":[{"href":"https:\/\/www.tiendaled.cl\/index.php?rest_route=\/wp\/v2\/product"}],"about":[{"href":"https:\/\/www.tiendaled.cl\/index.php?rest_route=\/wp\/v2\/types\/product"}],"replies":[{"embeddable":true,"href":"https:\/\/www.tiendaled.cl\/index.php?rest_route=%2Fwp%2Fv2%2Fcomments&post=3152"}],"wp:featuredmedia":[{"embeddable":true,"href":"https:\/\/www.tiendaled.cl\/index.php?rest_route=\/wp\/v2\/media\/3153"}],"wp:attachment":[{"href":"https:\/\/www.tiendaled.cl\/index.php?rest_route=%2Fwp%2Fv2%2Fmedia&parent=3152"}],"wp:term":[{"taxonomy":"product_brand","embeddable":true,"href":"https:\/\/www.tiendaled.cl\/index.php?rest_route=%2Fwp%2Fv2%2Fproduct_brand&post=3152"},{"taxonomy":"product_cat","embeddable":true,"href":"https:\/\/www.tiendaled.cl\/index.php?rest_route=%2Fwp%2Fv2%2Fproduct_cat&post=3152"},{"taxonomy":"product_tag","embeddable":true,"href":"https:\/\/www.tiendaled.cl\/index.php?rest_route=%2Fwp%2Fv2%2Fproduct_tag&post=3152"}],"curies":[{"name":"wp","href":"https:\/\/api.w.org\/{rel}","templated":true}]}}