{"id":31431,"date":"2021-09-27T00:19:00","date_gmt":"2021-09-27T02:19:00","guid":{"rendered":"https:\/\/www.tiendaled.cl\/?post_type=product&#038;p=31431"},"modified":"2023-01-20T13:20:38","modified_gmt":"2023-01-20T15:20:38","slug":"foco-aplique-exterior-gu10-hermetico-blanco-y-negro","status":"publish","type":"product","link":"https:\/\/www.tiendaled.cl\/?product=foco-aplique-exterior-gu10-hermetico-blanco-y-negro","title":{"rendered":"Foco Aplique Exterior Gu10 Hermetico Blanco y Negro"},"content":{"rendered":"<p>Foco Aplique Led Doble Bidireccional<\/p>\n<p>Luz Neutra<br \/>\nExterior Hermetico Blanco y Negro<br \/>\nFabricado en aluminio y cristal dise\u00f1ada para la iluminaci\u00f3n de espacios exteriores y tambien interiores<br \/>\nCuenta con 2 ampollletas led GU10 de 5w cada una Luz Neutra Incluidas<br \/>\nLuz Neutra 4000K<\/p>\n<p>Sus medidas son de 150x92x68 mil\u00edmetros, por lo que es perfecto para su instalaci\u00f3n en jardines, balcones, terrazas y para la iluminaci\u00f3n en el per\u00edmetro de una fachada.<br \/>\nSe trata de una luminaria muy sencilla de instalar, ya que incluye toda la torniller\u00eda necesaria para su instalaci\u00f3n.<\/p>\n<p>&nbsp;<\/p>\n","protected":false},"excerpt":{"rendered":"<p>Foco Aplique Led Doble Bidireccional Luz Neutra Exterior Hermetico Blanco y Negro Fabricado en aluminio y cristal dise\u00f1ada para la iluminaci\u00f3n de espacios exteriores y tambien interiores Cuenta con 2 ampollletas led GU10 de 5w cada una Luz Neutra Incluidas Luz Neutra 4000K Sus medidas son de 150x92x68 mil\u00edmetros, por lo que es perfecto para [&#8230;]\n","protected":false},"featured_media":31446,"comment_status":"open","ping_status":"closed","template":"","meta":{"_joinchat":[]},"product_brand":[],"product_cat":[100,103,106,108],"product_tag":[204,131,133,132],"class_list":{"0":"post-31431","1":"product","2":"type-product","3":"status-publish","4":"has-post-thumbnail","6":"product_cat-apliques-led","7":"product_cat-lamparas-y-apliques","8":"product_cat-apliques","9":"product_cat-lamparas-de-muro","10":"product_tag-ampolleta-gu10","11":"product_tag-aplique","12":"product_tag-aplique-moderno","13":"product_tag-aplique-muro","15":"first","16":"instock","17":"shipping-taxable","18":"purchasable","19":"product-type-simple"},"_links":{"self":[{"href":"https:\/\/www.tiendaled.cl\/index.php?rest_route=\/wp\/v2\/product\/31431","targetHints":{"allow":["GET"]}}],"collection":[{"href":"https:\/\/www.tiendaled.cl\/index.php?rest_route=\/wp\/v2\/product"}],"about":[{"href":"https:\/\/www.tiendaled.cl\/index.php?rest_route=\/wp\/v2\/types\/product"}],"replies":[{"embeddable":true,"href":"https:\/\/www.tiendaled.cl\/index.php?rest_route=%2Fwp%2Fv2%2Fcomments&post=31431"}],"wp:featuredmedia":[{"embeddable":true,"href":"https:\/\/www.tiendaled.cl\/index.php?rest_route=\/wp\/v2\/media\/31446"}],"wp:attachment":[{"href":"https:\/\/www.tiendaled.cl\/index.php?rest_route=%2Fwp%2Fv2%2Fmedia&parent=31431"}],"wp:term":[{"taxonomy":"product_brand","embeddable":true,"href":"https:\/\/www.tiendaled.cl\/index.php?rest_route=%2Fwp%2Fv2%2Fproduct_brand&post=31431"},{"taxonomy":"product_cat","embeddable":true,"href":"https:\/\/www.tiendaled.cl\/index.php?rest_route=%2Fwp%2Fv2%2Fproduct_cat&post=31431"},{"taxonomy":"product_tag","embeddable":true,"href":"https:\/\/www.tiendaled.cl\/index.php?rest_route=%2Fwp%2Fv2%2Fproduct_tag&post=31431"}],"curies":[{"name":"wp","href":"https:\/\/api.w.org\/{rel}","templated":true}]}}