{"id":31268,"date":"2021-09-17T12:15:21","date_gmt":"2021-09-17T14:15:21","guid":{"rendered":"https:\/\/www.tiendaled.cl\/?post_type=product&#038;p=31268"},"modified":"2024-09-08T23:40:38","modified_gmt":"2024-09-09T01:40:38","slug":"lampara-techo-jaula-geometrica-industrial","status":"publish","type":"product","link":"https:\/\/www.tiendaled.cl\/?product=lampara-techo-jaula-geometrica-industrial","title":{"rendered":"L\u00e1mpara Techo Jaula Geometrica Industrial"},"content":{"rendered":"<p>L\u00e1mpara ligera elegante de estilo del vintage y moderna<br \/>\nGenerosa y elegante decoraci\u00f3n para iluminar tu casa.<br \/>\nEsta encantadora pantalla geom\u00e9trica tipo jaula de hierro se integra perfectamente con las tendencias de Art-Decoration e Industrial Chic<br \/>\nCreando un hermoso y llamativo marco de luz.<br \/>\nCon l\u00edneas claras y n\u00edtidas, esta llamativa luz de metal har\u00e1 que tu espacio sea m\u00e1s interesante<br \/>\nTama\u00f1o: Longitud: 120cm largo del cable<br \/>\nEstructura Pantalla , Ancho: 20 cm, Alto 25m<br \/>\nSoquete Tradicional E27 Incluye Ampolleta Vinatge de Filamento Led ,<br \/>\nMaterial: hierro de color negro y tambien en color cafe<br \/>\nLa forma geom\u00e9trica interesante y din\u00e1mica de la luminaria colgante de metal hace que funcione bien en una variedad de entornos, Living, Comedor sala de estar, oficina, porche, garaje, dormitorio, cocina, bar, cafeter\u00eda, tienda, restaurante, balc\u00f3n, etc.<\/p>\n<p>&nbsp;<\/p>\n<p>NO INCLUYE AMPOLLETA<\/p>\n","protected":false},"excerpt":{"rendered":"<p>L\u00e1mpara ligera elegante de estilo del vintage y moderna Generosa y elegante decoraci\u00f3n para iluminar tu casa. Esta encantadora pantalla geom\u00e9trica tipo jaula de hierro se integra perfectamente con las tendencias de Art-Decoration e Industrial Chic Creando un hermoso y llamativo marco de luz. Con l\u00edneas claras y n\u00edtidas, esta llamativa luz de metal har\u00e1 [&#8230;]\n","protected":false},"featured_media":31273,"comment_status":"open","ping_status":"closed","template":"","meta":{"_joinchat":[]},"product_brand":[],"product_cat":[192,103,111,105],"product_tag":[208,122,174,196],"class_list":{"0":"post-31268","1":"product","2":"type-product","3":"status-publish","4":"has-post-thumbnail","6":"product_cat-lamparas-techo","7":"product_cat-lamparas-y-apliques","8":"product_cat-lamparas-colgantes","9":"product_cat-lamparas-vintage","10":"product_tag-lampara-colgan","11":"product_tag-lampara-colgante","12":"product_tag-lampara-geometrica","13":"product_tag-lampara-jaula","15":"first","16":"instock","17":"shipping-taxable","18":"purchasable","19":"product-type-simple"},"_links":{"self":[{"href":"https:\/\/www.tiendaled.cl\/index.php?rest_route=\/wp\/v2\/product\/31268","targetHints":{"allow":["GET"]}}],"collection":[{"href":"https:\/\/www.tiendaled.cl\/index.php?rest_route=\/wp\/v2\/product"}],"about":[{"href":"https:\/\/www.tiendaled.cl\/index.php?rest_route=\/wp\/v2\/types\/product"}],"replies":[{"embeddable":true,"href":"https:\/\/www.tiendaled.cl\/index.php?rest_route=%2Fwp%2Fv2%2Fcomments&post=31268"}],"wp:featuredmedia":[{"embeddable":true,"href":"https:\/\/www.tiendaled.cl\/index.php?rest_route=\/wp\/v2\/media\/31273"}],"wp:attachment":[{"href":"https:\/\/www.tiendaled.cl\/index.php?rest_route=%2Fwp%2Fv2%2Fmedia&parent=31268"}],"wp:term":[{"taxonomy":"product_brand","embeddable":true,"href":"https:\/\/www.tiendaled.cl\/index.php?rest_route=%2Fwp%2Fv2%2Fproduct_brand&post=31268"},{"taxonomy":"product_cat","embeddable":true,"href":"https:\/\/www.tiendaled.cl\/index.php?rest_route=%2Fwp%2Fv2%2Fproduct_cat&post=31268"},{"taxonomy":"product_tag","embeddable":true,"href":"https:\/\/www.tiendaled.cl\/index.php?rest_route=%2Fwp%2Fv2%2Fproduct_tag&post=31268"}],"curies":[{"name":"wp","href":"https:\/\/api.w.org\/{rel}","templated":true}]}}