{"id":3075,"date":"2018-10-07T22:42:07","date_gmt":"2018-10-08T00:42:07","guid":{"rendered":"http:\/\/104.237.153.121\/?post_type=product&#038;p=3075"},"modified":"2026-03-28T14:05:31","modified_gmt":"2026-03-28T16:05:31","slug":"lampara-colgante-forma-de-sombrero-bombin","status":"publish","type":"product","link":"https:\/\/www.tiendaled.cl\/?product=lampara-colgante-forma-de-sombrero-bombin","title":{"rendered":"L\u00e1mpara colgante forma de sombrero de copa"},"content":{"rendered":"<ul>\n<li>Lampara Elegante, sutil, decorativa, brillante.<br \/>\nL\u00e1mpara con estilo, que combina como ninguna el color negro que recubre todo el exterior del sombrero con los dorados de su interior, que ayudan a transmitir una mejor iluminaci\u00f3n con cualquier ampolleta E27 que elijas para acompa\u00f1arla<br \/>\nEl reflejo de la luz con el color miel del interior es fascinante.<br \/>\nEse efecto convertir\u00e1 la simpleza de sus formas y dise\u00f1o en algo superlativo, que destacar\u00e1 en cualquier estancia donde sea colocada.<br \/>\nUtilizala para decorar e iluminar cualquier zona de tu casa.<br \/>\nSON IDEALES PARA DECORACI\u00d3N DE INTERIORES en locales comerciales, hoteler\u00eda, tiendas y bares, en teatros y cines, galer\u00edas, en definitiva en cualquier lugar donde quieras imprimir un toque de elegancia, con unas pinzeladas de ingenio, imaginaci\u00f3n y sorpresa que desprende por si sola esta l\u00e1mpara al ser vista por primera vez.<br \/>\nCable 90 Cm<\/li>\n<li>Soquete E27 Tradicional<br \/>\nDiametro 250 MM<br \/>\nAltura 200 mm<\/li>\n<\/ul>\n","protected":false},"excerpt":{"rendered":"<p>Lampara Elegante, sutil, decorativa, brillante. L\u00e1mpara con estilo, que combina como ninguna el color negro que recubre todo el exterior del sombrero con los dorados de su interior, que ayudan a transmitir una mejor iluminaci\u00f3n con cualquier ampolleta E27 que elijas para acompa\u00f1arla El reflejo de la luz con el color miel del interior es [&#8230;]\n","protected":false},"featured_media":31729,"comment_status":"open","ping_status":"closed","template":"","meta":{"_joinchat":[]},"product_brand":[],"product_cat":[111],"product_tag":[],"class_list":{"0":"post-3075","1":"product","2":"type-product","3":"status-publish","4":"has-post-thumbnail","6":"product_cat-lamparas-colgantes","8":"first","9":"instock","10":"shipping-taxable","11":"purchasable","12":"product-type-simple"},"_links":{"self":[{"href":"https:\/\/www.tiendaled.cl\/index.php?rest_route=\/wp\/v2\/product\/3075","targetHints":{"allow":["GET"]}}],"collection":[{"href":"https:\/\/www.tiendaled.cl\/index.php?rest_route=\/wp\/v2\/product"}],"about":[{"href":"https:\/\/www.tiendaled.cl\/index.php?rest_route=\/wp\/v2\/types\/product"}],"replies":[{"embeddable":true,"href":"https:\/\/www.tiendaled.cl\/index.php?rest_route=%2Fwp%2Fv2%2Fcomments&post=3075"}],"wp:featuredmedia":[{"embeddable":true,"href":"https:\/\/www.tiendaled.cl\/index.php?rest_route=\/wp\/v2\/media\/31729"}],"wp:attachment":[{"href":"https:\/\/www.tiendaled.cl\/index.php?rest_route=%2Fwp%2Fv2%2Fmedia&parent=3075"}],"wp:term":[{"taxonomy":"product_brand","embeddable":true,"href":"https:\/\/www.tiendaled.cl\/index.php?rest_route=%2Fwp%2Fv2%2Fproduct_brand&post=3075"},{"taxonomy":"product_cat","embeddable":true,"href":"https:\/\/www.tiendaled.cl\/index.php?rest_route=%2Fwp%2Fv2%2Fproduct_cat&post=3075"},{"taxonomy":"product_tag","embeddable":true,"href":"https:\/\/www.tiendaled.cl\/index.php?rest_route=%2Fwp%2Fv2%2Fproduct_tag&post=3075"}],"curies":[{"name":"wp","href":"https:\/\/api.w.org\/{rel}","templated":true}]}}