{"id":2970,"date":"2018-09-10T23:35:23","date_gmt":"2018-09-11T01:35:23","guid":{"rendered":"http:\/\/104.237.153.121\/?post_type=product&#038;p=2970"},"modified":"2026-01-26T16:31:24","modified_gmt":"2026-01-26T18:31:24","slug":"lampara-techo-colgante-vienna","status":"publish","type":"product","link":"https:\/\/www.tiendaled.cl\/?product=lampara-techo-colgante-vienna","title":{"rendered":"L\u00e1mpara Techo colgante vienna"},"content":{"rendered":"<ul>\n<li>L\u00e1mpara colgante de dise\u00f1o N\u00f3rdico. De color negro mate por fuera y dorada en su interior para una perfecta transmisi\u00f3n de la luz, recreando ambientes muy c\u00e1lidos y acogedores. Inspirada en los modelos de Tom Dixon<\/li>\n<li>Alto1900mm,<\/li>\n<li>Grosor y ancho PCB 190mm<\/li>\n<li>Soquete Tradicional E27 \/ No incluye ampolleta<\/li>\n<li>Potencia (Watt) M\u00e1x. 40W<\/li>\n<li>Material aluminio<\/li>\n<li>Color exterior Negro \/ Dorado<\/li>\n<\/ul>\n","protected":false},"excerpt":{"rendered":"<p>L\u00e1mpara colgante de dise\u00f1o N\u00f3rdico. De color negro mate por fuera y dorada en su interior para una perfecta transmisi\u00f3n de la luz, recreando ambientes muy c\u00e1lidos y acogedores. Inspirada en los modelos de Tom Dixon Alto1900mm, Grosor y ancho PCB 190mm Soquete Tradicional E27 \/ No incluye ampolleta Potencia (Watt) M\u00e1x. 40W Material aluminio [&#8230;]\n","protected":false},"featured_media":2971,"comment_status":"open","ping_status":"closed","template":"","meta":{"_joinchat":[]},"product_brand":[],"product_cat":[425,111],"product_tag":[],"class_list":{"0":"post-2970","1":"product","2":"type-product","3":"status-publish","4":"has-post-thumbnail","6":"product_cat-ofertas","7":"product_cat-lamparas-colgantes","9":"first","10":"outofstock","11":"sale","12":"shipping-taxable","13":"purchasable","14":"product-type-simple"},"_links":{"self":[{"href":"https:\/\/www.tiendaled.cl\/index.php?rest_route=\/wp\/v2\/product\/2970","targetHints":{"allow":["GET"]}}],"collection":[{"href":"https:\/\/www.tiendaled.cl\/index.php?rest_route=\/wp\/v2\/product"}],"about":[{"href":"https:\/\/www.tiendaled.cl\/index.php?rest_route=\/wp\/v2\/types\/product"}],"replies":[{"embeddable":true,"href":"https:\/\/www.tiendaled.cl\/index.php?rest_route=%2Fwp%2Fv2%2Fcomments&post=2970"}],"wp:featuredmedia":[{"embeddable":true,"href":"https:\/\/www.tiendaled.cl\/index.php?rest_route=\/wp\/v2\/media\/2971"}],"wp:attachment":[{"href":"https:\/\/www.tiendaled.cl\/index.php?rest_route=%2Fwp%2Fv2%2Fmedia&parent=2970"}],"wp:term":[{"taxonomy":"product_brand","embeddable":true,"href":"https:\/\/www.tiendaled.cl\/index.php?rest_route=%2Fwp%2Fv2%2Fproduct_brand&post=2970"},{"taxonomy":"product_cat","embeddable":true,"href":"https:\/\/www.tiendaled.cl\/index.php?rest_route=%2Fwp%2Fv2%2Fproduct_cat&post=2970"},{"taxonomy":"product_tag","embeddable":true,"href":"https:\/\/www.tiendaled.cl\/index.php?rest_route=%2Fwp%2Fv2%2Fproduct_tag&post=2970"}],"curies":[{"name":"wp","href":"https:\/\/api.w.org\/{rel}","templated":true}]}}