{"id":29251,"date":"2021-06-27T22:55:27","date_gmt":"2021-06-28T00:55:27","guid":{"rendered":"https:\/\/www.tiendaled.cl\/?post_type=product&#038;p=29251"},"modified":"2024-07-02T11:26:30","modified_gmt":"2024-07-02T13:26:30","slug":"aplique-muro-industrial-modelo-galponera","status":"publish","type":"product","link":"https:\/\/www.tiendaled.cl\/?product=aplique-muro-industrial-modelo-galponera","title":{"rendered":"Aplique Muro Industrial Modelo Galponera"},"content":{"rendered":"<p>Aplique Muro Industrial Dise\u00f1o Galponera<\/p>\n<p>Fabricado en hierro y aluminio<br \/>\nDise\u00f1o industrial y vintage<br \/>\nDise\u00f1o industrial en iluminaci\u00f3n muy de moda.<br \/>\nLampara polifuncional que puede ser utilizada en distintos ambientes de tu hogar o negocio.<\/p>\n<p>Dimensiones<\/p>\n<p>20 cm de di\u00e1metro<br \/>\n18 cm de fondo<br \/>\n15 cm Brazo<\/p>\n<p>NO INCLUYE AMPOLETA<\/p>\n","protected":false},"excerpt":{"rendered":"<p>Aplique Muro Industrial Dise\u00f1o Galponera Fabricado en hierro y aluminio Dise\u00f1o industrial y vintage Dise\u00f1o industrial en iluminaci\u00f3n muy de moda. Lampara polifuncional que puede ser utilizada en distintos ambientes de tu hogar o negocio. Dimensiones 20 cm de di\u00e1metro 18 cm de fondo 15 cm Brazo NO INCLUYE AMPOLETA<\/p>\n","protected":false},"featured_media":42830,"comment_status":"open","ping_status":"closed","template":"","meta":{"_joinchat":[]},"product_brand":[],"product_cat":[103,106,104,108],"product_tag":[132,145,144],"class_list":{"0":"post-29251","1":"product","2":"type-product","3":"status-publish","4":"has-post-thumbnail","6":"product_cat-lamparas-y-apliques","7":"product_cat-apliques","8":"product_cat-apliques-vintage","9":"product_cat-lamparas-de-muro","10":"product_tag-aplique-muro","11":"product_tag-aplique-retro","12":"product_tag-aplique-vintage","14":"first","15":"instock","16":"shipping-taxable","17":"purchasable","18":"product-type-simple"},"_links":{"self":[{"href":"https:\/\/www.tiendaled.cl\/index.php?rest_route=\/wp\/v2\/product\/29251","targetHints":{"allow":["GET"]}}],"collection":[{"href":"https:\/\/www.tiendaled.cl\/index.php?rest_route=\/wp\/v2\/product"}],"about":[{"href":"https:\/\/www.tiendaled.cl\/index.php?rest_route=\/wp\/v2\/types\/product"}],"replies":[{"embeddable":true,"href":"https:\/\/www.tiendaled.cl\/index.php?rest_route=%2Fwp%2Fv2%2Fcomments&post=29251"}],"wp:featuredmedia":[{"embeddable":true,"href":"https:\/\/www.tiendaled.cl\/index.php?rest_route=\/wp\/v2\/media\/42830"}],"wp:attachment":[{"href":"https:\/\/www.tiendaled.cl\/index.php?rest_route=%2Fwp%2Fv2%2Fmedia&parent=29251"}],"wp:term":[{"taxonomy":"product_brand","embeddable":true,"href":"https:\/\/www.tiendaled.cl\/index.php?rest_route=%2Fwp%2Fv2%2Fproduct_brand&post=29251"},{"taxonomy":"product_cat","embeddable":true,"href":"https:\/\/www.tiendaled.cl\/index.php?rest_route=%2Fwp%2Fv2%2Fproduct_cat&post=29251"},{"taxonomy":"product_tag","embeddable":true,"href":"https:\/\/www.tiendaled.cl\/index.php?rest_route=%2Fwp%2Fv2%2Fproduct_tag&post=29251"}],"curies":[{"name":"wp","href":"https:\/\/api.w.org\/{rel}","templated":true}]}}