{"id":29232,"date":"2021-06-27T22:36:43","date_gmt":"2021-06-28T00:36:43","guid":{"rendered":"https:\/\/www.tiendaled.cl\/?post_type=product&#038;p=29232"},"modified":"2024-11-03T20:15:29","modified_gmt":"2024-11-03T22:15:29","slug":"aplique-foco-direccional-techo-muro-gu10","status":"publish","type":"product","link":"https:\/\/www.tiendaled.cl\/?product=aplique-foco-direccional-techo-muro-gu10","title":{"rendered":"Aplique Foco Direccional , Techo-muro Gu10"},"content":{"rendered":"<p>Foco de techo moderno dorado<br \/>\nIdel para sala de estar,ba\u00f1o, dormitorio, etc.}<\/p>\n<p>Material: Aleaci\u00f3n de Hierro<br \/>\nColor: oro<br \/>\nVoltaje: 220v<br \/>\n1 Soquete GU10<br \/>\nProceso: pintado<\/p>\n<p>NO INCLUYE AMPOLLETAS<\/p>\n<p>Direcci\u00f3n de luz ajustable. : 360 rotaci\u00f3n<br \/>\nSe puede instalar en el techo o en la pared.<br \/>\nPerfecto para techos inclinados o para iluminaci\u00f3n direccional de acento, ya que el Foco rotar para iluminaci\u00f3n donde m\u00e1s se desee<br \/>\nIdeal para usar en entradas, salas de estar, dormitorios, cocinas, escaparate, escaparate, hoteles y otras luces decorativas de interior.<\/p>\n<p>Solo reflectores con cabeza de rotaci\u00f3n<\/p>\n","protected":false},"excerpt":{"rendered":"<p>Foco de techo moderno dorado Idel para sala de estar,ba\u00f1o, dormitorio, etc.} Material: Aleaci\u00f3n de Hierro Color: oro Voltaje: 220v 1 Soquete GU10 Proceso: pintado NO INCLUYE AMPOLLETAS Direcci\u00f3n de luz ajustable. : 360 rotaci\u00f3n Se puede instalar en el techo o en la pared. Perfecto para techos inclinados o para iluminaci\u00f3n direccional de acento, [&#8230;]\n","protected":false},"featured_media":35080,"comment_status":"open","ping_status":"closed","template":"","meta":{"_joinchat":[]},"product_brand":[],"product_cat":[103,106,104,108],"product_tag":[],"class_list":{"0":"post-29232","1":"product","2":"type-product","3":"status-publish","4":"has-post-thumbnail","6":"product_cat-lamparas-y-apliques","7":"product_cat-apliques","8":"product_cat-apliques-vintage","9":"product_cat-lamparas-de-muro","11":"first","12":"instock","13":"shipping-taxable","14":"purchasable","15":"product-type-simple"},"_links":{"self":[{"href":"https:\/\/www.tiendaled.cl\/index.php?rest_route=\/wp\/v2\/product\/29232","targetHints":{"allow":["GET"]}}],"collection":[{"href":"https:\/\/www.tiendaled.cl\/index.php?rest_route=\/wp\/v2\/product"}],"about":[{"href":"https:\/\/www.tiendaled.cl\/index.php?rest_route=\/wp\/v2\/types\/product"}],"replies":[{"embeddable":true,"href":"https:\/\/www.tiendaled.cl\/index.php?rest_route=%2Fwp%2Fv2%2Fcomments&post=29232"}],"wp:featuredmedia":[{"embeddable":true,"href":"https:\/\/www.tiendaled.cl\/index.php?rest_route=\/wp\/v2\/media\/35080"}],"wp:attachment":[{"href":"https:\/\/www.tiendaled.cl\/index.php?rest_route=%2Fwp%2Fv2%2Fmedia&parent=29232"}],"wp:term":[{"taxonomy":"product_brand","embeddable":true,"href":"https:\/\/www.tiendaled.cl\/index.php?rest_route=%2Fwp%2Fv2%2Fproduct_brand&post=29232"},{"taxonomy":"product_cat","embeddable":true,"href":"https:\/\/www.tiendaled.cl\/index.php?rest_route=%2Fwp%2Fv2%2Fproduct_cat&post=29232"},{"taxonomy":"product_tag","embeddable":true,"href":"https:\/\/www.tiendaled.cl\/index.php?rest_route=%2Fwp%2Fv2%2Fproduct_tag&post=29232"}],"curies":[{"name":"wp","href":"https:\/\/api.w.org\/{rel}","templated":true}]}}