{"id":29228,"date":"2021-06-27T22:30:44","date_gmt":"2021-06-28T00:30:44","guid":{"rendered":"https:\/\/www.tiendaled.cl\/?post_type=product&#038;p=29228"},"modified":"2021-10-14T23:04:36","modified_gmt":"2021-10-15T01:04:36","slug":"lampara-colgante-modelo-toyama-negra-dorada","status":"publish","type":"product","link":"https:\/\/www.tiendaled.cl\/?product=lampara-colgante-modelo-toyama-negra-dorada","title":{"rendered":"Lampara Colgante Modelo Toyama Negra Dorada"},"content":{"rendered":"<p>LAMPARA COLGANTE MODELO TOYAMA<br \/>\nJAULA METAL NEGRO Y COBRE<\/p>\n<p>Fabricada en hierro, con acabado negro y dorado en su jaula<br \/>\nIdeal para decorar esos espacios que necesitan un toque de dise\u00f1o unico<br \/>\nSoquete tradicional E27<\/p>\n<p>NO INCLUYE AMPOLLETA<\/p>\n<p>Modelo: Toyama<br \/>\nMaterial: Metal<br \/>\nGrado de Protecci\u00f3n: IP20<br \/>\nTensi\u00f3n: 220v<br \/>\nFrecuencia: 50Hz<br \/>\nPotencia M\u00e1xima: 1x60w<br \/>\nRosca: E27<br \/>\nColor: Negro semi mate \/ cobre<br \/>\nAlto: 320 mm<br \/>\nAncho: 290 mm<\/p>\n","protected":false},"excerpt":{"rendered":"<p>LAMPARA COLGANTE MODELO TOYAMA JAULA METAL NEGRO Y COBRE Fabricada en hierro, con acabado negro y dorado en su jaula Ideal para decorar esos espacios que necesitan un toque de dise\u00f1o unico Soquete tradicional E27 NO INCLUYE AMPOLLETA Modelo: Toyama Material: Metal Grado de Protecci\u00f3n: IP20 Tensi\u00f3n: 220v Frecuencia: 50Hz Potencia M\u00e1xima: 1x60w Rosca: E27 [&#8230;]\n","protected":false},"featured_media":29231,"comment_status":"open","ping_status":"closed","template":"","meta":{"_joinchat":[]},"product_brand":[],"product_cat":[192,103,111,105],"product_tag":[],"class_list":{"0":"post-29228","1":"product","2":"type-product","3":"status-publish","4":"has-post-thumbnail","6":"product_cat-lamparas-techo","7":"product_cat-lamparas-y-apliques","8":"product_cat-lamparas-colgantes","9":"product_cat-lamparas-vintage","11":"first","12":"instock","13":"shipping-taxable","14":"purchasable","15":"product-type-simple"},"_links":{"self":[{"href":"https:\/\/www.tiendaled.cl\/index.php?rest_route=\/wp\/v2\/product\/29228","targetHints":{"allow":["GET"]}}],"collection":[{"href":"https:\/\/www.tiendaled.cl\/index.php?rest_route=\/wp\/v2\/product"}],"about":[{"href":"https:\/\/www.tiendaled.cl\/index.php?rest_route=\/wp\/v2\/types\/product"}],"replies":[{"embeddable":true,"href":"https:\/\/www.tiendaled.cl\/index.php?rest_route=%2Fwp%2Fv2%2Fcomments&post=29228"}],"wp:featuredmedia":[{"embeddable":true,"href":"https:\/\/www.tiendaled.cl\/index.php?rest_route=\/wp\/v2\/media\/29231"}],"wp:attachment":[{"href":"https:\/\/www.tiendaled.cl\/index.php?rest_route=%2Fwp%2Fv2%2Fmedia&parent=29228"}],"wp:term":[{"taxonomy":"product_brand","embeddable":true,"href":"https:\/\/www.tiendaled.cl\/index.php?rest_route=%2Fwp%2Fv2%2Fproduct_brand&post=29228"},{"taxonomy":"product_cat","embeddable":true,"href":"https:\/\/www.tiendaled.cl\/index.php?rest_route=%2Fwp%2Fv2%2Fproduct_cat&post=29228"},{"taxonomy":"product_tag","embeddable":true,"href":"https:\/\/www.tiendaled.cl\/index.php?rest_route=%2Fwp%2Fv2%2Fproduct_tag&post=29228"}],"curies":[{"name":"wp","href":"https:\/\/api.w.org\/{rel}","templated":true}]}}