{"id":28703,"date":"2021-06-09T21:06:31","date_gmt":"2021-06-09T23:06:31","guid":{"rendered":"https:\/\/www.tiendaled.cl\/?post_type=product&#038;p=28703"},"modified":"2024-09-10T15:50:32","modified_gmt":"2024-09-10T17:50:32","slug":"lampara-techo-geometrica-cubo-2d-incluye-ampolleta-vintage","status":"publish","type":"product","link":"https:\/\/www.tiendaled.cl\/?product=lampara-techo-geometrica-cubo-2d-incluye-ampolleta-vintage","title":{"rendered":"L\u00e1mpara Techo Geometrica Cubo 2d"},"content":{"rendered":"<p>L\u00e1mpara ligera elegante de estilo del vintage y moderna<br \/>\nGenerosa y elegante decoraci\u00f3n para iluminar tu casa.<br \/>\nEsta encantadora pantalla geom\u00e9trica cubo 2d de hierro se integra perfectamente con las tendencias de Art-Decoration e Industrial Chic<br \/>\nCreando un hermoso y llamativo marco de luz.<br \/>\nCon l\u00edneas claras y n\u00edtidas, esta llamativa luz de metal har\u00e1 que tu espacio sea m\u00e1s interesante<br \/>\nTama\u00f1o: Longitud: 120cm largo del cable<br \/>\nEstructura Pantalla , Ancho: 20 cm, Alto 25m<br \/>\nSoquete Tradicional E27<\/p>\n<p>NO INCLUYE AMPOLLETA<\/p>\n<p>Material: hierro de color negro<br \/>\nLa forma geom\u00e9trica interesante y din\u00e1mica de la luminaria colgante de metal hace que funcione bien en una variedad de entornos, Living, Comedor sala de estar, oficina, porche, garaje, dormitorio, cocina, bar, cafeter\u00eda, tienda, restaurante, balc\u00f3n, etc.<\/p>\n","protected":false},"excerpt":{"rendered":"<p>L\u00e1mpara ligera elegante de estilo del vintage y moderna Generosa y elegante decoraci\u00f3n para iluminar tu casa. Esta encantadora pantalla geom\u00e9trica cubo 2d de hierro se integra perfectamente con las tendencias de Art-Decoration e Industrial Chic Creando un hermoso y llamativo marco de luz. Con l\u00edneas claras y n\u00edtidas, esta llamativa luz de metal har\u00e1 [&#8230;]\n","protected":false},"featured_media":28704,"comment_status":"open","ping_status":"closed","template":"","meta":{"_joinchat":[]},"product_brand":[],"product_cat":[192,425,92,93,103,111],"product_tag":[134,120,122,174,177],"class_list":{"0":"post-28703","1":"product","2":"type-product","3":"status-publish","4":"has-post-thumbnail","6":"product_cat-lamparas-techo","7":"product_cat-ofertas","8":"product_cat-productos-led","9":"product_cat-ampolletas-led","10":"product_cat-lamparas-y-apliques","11":"product_cat-lamparas-colgantes","12":"product_tag-ampolleta-vintage","13":"product_tag-lampara","14":"product_tag-lampara-colgante","15":"product_tag-lampara-geometrica","16":"product_tag-lampara-moderna","18":"first","19":"instock","20":"sale","21":"shipping-taxable","22":"purchasable","23":"product-type-simple"},"_links":{"self":[{"href":"https:\/\/www.tiendaled.cl\/index.php?rest_route=\/wp\/v2\/product\/28703","targetHints":{"allow":["GET"]}}],"collection":[{"href":"https:\/\/www.tiendaled.cl\/index.php?rest_route=\/wp\/v2\/product"}],"about":[{"href":"https:\/\/www.tiendaled.cl\/index.php?rest_route=\/wp\/v2\/types\/product"}],"replies":[{"embeddable":true,"href":"https:\/\/www.tiendaled.cl\/index.php?rest_route=%2Fwp%2Fv2%2Fcomments&post=28703"}],"wp:featuredmedia":[{"embeddable":true,"href":"https:\/\/www.tiendaled.cl\/index.php?rest_route=\/wp\/v2\/media\/28704"}],"wp:attachment":[{"href":"https:\/\/www.tiendaled.cl\/index.php?rest_route=%2Fwp%2Fv2%2Fmedia&parent=28703"}],"wp:term":[{"taxonomy":"product_brand","embeddable":true,"href":"https:\/\/www.tiendaled.cl\/index.php?rest_route=%2Fwp%2Fv2%2Fproduct_brand&post=28703"},{"taxonomy":"product_cat","embeddable":true,"href":"https:\/\/www.tiendaled.cl\/index.php?rest_route=%2Fwp%2Fv2%2Fproduct_cat&post=28703"},{"taxonomy":"product_tag","embeddable":true,"href":"https:\/\/www.tiendaled.cl\/index.php?rest_route=%2Fwp%2Fv2%2Fproduct_tag&post=28703"}],"curies":[{"name":"wp","href":"https:\/\/api.w.org\/{rel}","templated":true}]}}