{"id":28238,"date":"2021-05-16T23:01:56","date_gmt":"2021-05-17T01:01:56","guid":{"rendered":"https:\/\/www.tiendaled.cl\/?post_type=product&#038;p=28238"},"modified":"2022-12-21T20:44:25","modified_gmt":"2022-12-21T22:44:25","slug":"lampara-colgante-retro-redonda-de-canamo-3-ampolletas-e14","status":"publish","type":"product","link":"https:\/\/www.tiendaled.cl\/?product=lampara-colgante-retro-redonda-de-canamo-3-ampolletas-e14","title":{"rendered":"Lampara Colgante Retro Redonda De Ca\u00f1amo"},"content":{"rendered":"<p>Lampara Colgante Retro de Ca\u00f1amo E14<\/p>\n<p>Lampara de hierro recubierta en ca\u00f1amo.<br \/>\nLampara minimalista y sencilla en su presentaci\u00f3n.<br \/>\nHecha de forma artesanal, se presta magn\u00edficamente a la decoraci\u00f3n residencial y tambi\u00e9n a las necesidades de la iluminaci\u00f3n para restoranes o negocios<br \/>\n30 cm de di\u00e1metro<br \/>\nFuente de luz Entrada E14<\/p>\n<p>NO INCLUYE AMPOLLETAS<\/p>\n<p>Material Metal recubierto en ca\u00f1amo<br \/>\nIncluye cable textil, cadena y canope para fijar a techo<\/p>\n","protected":false},"excerpt":{"rendered":"<p>Lampara Colgante Retro de Ca\u00f1amo E14 Lampara de hierro recubierta en ca\u00f1amo. Lampara minimalista y sencilla en su presentaci\u00f3n. Hecha de forma artesanal, se presta magn\u00edficamente a la decoraci\u00f3n residencial y tambi\u00e9n a las necesidades de la iluminaci\u00f3n para restoranes o negocios 30 cm de di\u00e1metro Fuente de luz Entrada E14 NO INCLUYE AMPOLLETAS Material [&#8230;]\n","protected":false},"featured_media":28244,"comment_status":"open","ping_status":"closed","template":"","meta":{"_joinchat":[]},"product_brand":[],"product_cat":[181,192,103,111,105],"product_tag":[173,172,122,147],"class_list":{"0":"post-28238","1":"product","2":"type-product","3":"status-publish","4":"has-post-thumbnail","6":"product_cat-lamparas-canamo","7":"product_cat-lamparas-techo","8":"product_cat-lamparas-y-apliques","9":"product_cat-lamparas-colgantes","10":"product_cat-lamparas-vintage","11":"product_tag-lampara-canamo","12":"product_tag-lampara-candelabro","13":"product_tag-lampara-colgante","14":"product_tag-lampara-rustica","16":"first","17":"instock","18":"shipping-taxable","19":"purchasable","20":"product-type-simple"},"_links":{"self":[{"href":"https:\/\/www.tiendaled.cl\/index.php?rest_route=\/wp\/v2\/product\/28238","targetHints":{"allow":["GET"]}}],"collection":[{"href":"https:\/\/www.tiendaled.cl\/index.php?rest_route=\/wp\/v2\/product"}],"about":[{"href":"https:\/\/www.tiendaled.cl\/index.php?rest_route=\/wp\/v2\/types\/product"}],"replies":[{"embeddable":true,"href":"https:\/\/www.tiendaled.cl\/index.php?rest_route=%2Fwp%2Fv2%2Fcomments&post=28238"}],"wp:featuredmedia":[{"embeddable":true,"href":"https:\/\/www.tiendaled.cl\/index.php?rest_route=\/wp\/v2\/media\/28244"}],"wp:attachment":[{"href":"https:\/\/www.tiendaled.cl\/index.php?rest_route=%2Fwp%2Fv2%2Fmedia&parent=28238"}],"wp:term":[{"taxonomy":"product_brand","embeddable":true,"href":"https:\/\/www.tiendaled.cl\/index.php?rest_route=%2Fwp%2Fv2%2Fproduct_brand&post=28238"},{"taxonomy":"product_cat","embeddable":true,"href":"https:\/\/www.tiendaled.cl\/index.php?rest_route=%2Fwp%2Fv2%2Fproduct_cat&post=28238"},{"taxonomy":"product_tag","embeddable":true,"href":"https:\/\/www.tiendaled.cl\/index.php?rest_route=%2Fwp%2Fv2%2Fproduct_tag&post=28238"}],"curies":[{"name":"wp","href":"https:\/\/api.w.org\/{rel}","templated":true}]}}