{"id":28215,"date":"2021-05-16T13:58:06","date_gmt":"2021-05-16T15:58:06","guid":{"rendered":"https:\/\/www.tiendaled.cl\/?post_type=product&#038;p=28215"},"modified":"2021-09-08T01:09:34","modified_gmt":"2021-09-08T03:09:34","slug":"lampara-colgante-pantalla-diseno-badminton","status":"publish","type":"product","link":"https:\/\/www.tiendaled.cl\/?product=lampara-colgante-pantalla-diseno-badminton","title":{"rendered":"Lampara Colgante Pantalla Dise\u00f1o B\u00e1dminton"},"content":{"rendered":"<p>Moderna l\u00e1mpara de iluminaci\u00f3n con forma de Badminton<br \/>\nHermosa l\u00e1mpara de techo que es mucho m\u00e1s impresionante que la imagen.<br \/>\nSu dise\u00f1o permita crear una atm\u00f3sfera rom\u00e1ntica y dulce que iluminar\u00e1 su noche.<br \/>\nPantalla de hierro de alta calidad, resistencia a altas temperaturas, antioxidante, efecto de iluminaci\u00f3n suave, revelando luz c\u00e1lida y suave<br \/>\nUn dise\u00f1o hermoso y lujoso de alta calidad, entrega luz en todos los angulos.<br \/>\nEs una buena relaci\u00f3n calidad-precio, que hace que tus espacio luzcan de manera elegante.<\/p>\n<p>Material Hierro<br \/>\nSoquete tradicional E27<\/p>\n<p>NO INCLUYE AMPOLLETA<\/p>\n<p>Alto 30cm<br \/>\nAncho 22cm<br \/>\nAltura cable 90cm<\/p>\n","protected":false},"excerpt":{"rendered":"<p>Moderna l\u00e1mpara de iluminaci\u00f3n con forma de Badminton Hermosa l\u00e1mpara de techo que es mucho m\u00e1s impresionante que la imagen. Su dise\u00f1o permita crear una atm\u00f3sfera rom\u00e1ntica y dulce que iluminar\u00e1 su noche. Pantalla de hierro de alta calidad, resistencia a altas temperaturas, antioxidante, efecto de iluminaci\u00f3n suave, revelando luz c\u00e1lida y suave Un dise\u00f1o [&#8230;]\n","protected":false},"featured_media":28218,"comment_status":"open","ping_status":"closed","template":"","meta":{"_joinchat":[]},"product_brand":[],"product_cat":[192,103,111,105],"product_tag":[120,122,177],"class_list":{"0":"post-28215","1":"product","2":"type-product","3":"status-publish","4":"has-post-thumbnail","6":"product_cat-lamparas-techo","7":"product_cat-lamparas-y-apliques","8":"product_cat-lamparas-colgantes","9":"product_cat-lamparas-vintage","10":"product_tag-lampara","11":"product_tag-lampara-colgante","12":"product_tag-lampara-moderna","14":"first","15":"instock","16":"shipping-taxable","17":"purchasable","18":"product-type-simple"},"_links":{"self":[{"href":"https:\/\/www.tiendaled.cl\/index.php?rest_route=\/wp\/v2\/product\/28215","targetHints":{"allow":["GET"]}}],"collection":[{"href":"https:\/\/www.tiendaled.cl\/index.php?rest_route=\/wp\/v2\/product"}],"about":[{"href":"https:\/\/www.tiendaled.cl\/index.php?rest_route=\/wp\/v2\/types\/product"}],"replies":[{"embeddable":true,"href":"https:\/\/www.tiendaled.cl\/index.php?rest_route=%2Fwp%2Fv2%2Fcomments&post=28215"}],"wp:featuredmedia":[{"embeddable":true,"href":"https:\/\/www.tiendaled.cl\/index.php?rest_route=\/wp\/v2\/media\/28218"}],"wp:attachment":[{"href":"https:\/\/www.tiendaled.cl\/index.php?rest_route=%2Fwp%2Fv2%2Fmedia&parent=28215"}],"wp:term":[{"taxonomy":"product_brand","embeddable":true,"href":"https:\/\/www.tiendaled.cl\/index.php?rest_route=%2Fwp%2Fv2%2Fproduct_brand&post=28215"},{"taxonomy":"product_cat","embeddable":true,"href":"https:\/\/www.tiendaled.cl\/index.php?rest_route=%2Fwp%2Fv2%2Fproduct_cat&post=28215"},{"taxonomy":"product_tag","embeddable":true,"href":"https:\/\/www.tiendaled.cl\/index.php?rest_route=%2Fwp%2Fv2%2Fproduct_tag&post=28215"}],"curies":[{"name":"wp","href":"https:\/\/api.w.org\/{rel}","templated":true}]}}