{"id":28171,"date":"2021-05-15T22:58:08","date_gmt":"2021-05-16T00:58:08","guid":{"rendered":"https:\/\/www.tiendaled.cl\/?post_type=product&#038;p=28171"},"modified":"2024-07-04T12:13:47","modified_gmt":"2024-07-04T14:13:47","slug":"lampara-colgante-diseno-rustico-candelabro-hierro-vidrio","status":"publish","type":"product","link":"https:\/\/www.tiendaled.cl\/?product=lampara-colgante-diseno-rustico-candelabro-hierro-vidrio","title":{"rendered":"Lampara Colgante Dise\u00f1o Rustico Candelabro Hierro Vidrio"},"content":{"rendered":"<p>Lampara Colgante Dise\u00f1o Candelabro Hierro Vidrio<\/p>\n<p>L\u00e1mpara de techo negra con y pantalla de Vidrio y Hierro<br \/>\nAcabado en nergo y detalles dorados<\/p>\n<p>Una l\u00e1mpara de estilo retro-vintage con un dise\u00f1o muy actual.<br \/>\nL\u00e1mpara ligera elegante de estilo del vintage y moderna<br \/>\nGenerosa y elegante decoraci\u00f3n para iluminar tu casa.<\/p>\n<p>La pantalla de vidrio color ambar y el cuerpo de hierro hacen que se integre perfectamente con las tendencias de Art-Decoration e Industrial Chic<br \/>\nCreando un hermoso y llamativo marco de luz.<br \/>\nCon l\u00edneas claras y n\u00edtidas, esta llamativa lampara negra con detalles de metal color dorado, y vidrio ambar har\u00e1 que tu espacio sea m\u00e1s interesante<\/p>\n<p>Material: Metal Vidrio<br \/>\nColor: Negro Dorado AMbar<br \/>\nTipo De ampolleta: E27 (Normal)(no incluida).<br \/>\nWats por ampolleta: Max 50 W<br \/>\nVoltaje de entrada: 110-220 V<br \/>\nEspacio adecuado: 10-15 metro cuadrado<\/p>\n<p>NO INCLUYE AMPOLLETA<\/p>\n<p>&nbsp;<\/p>\n<p>Soquete Tradicional E27<\/p>\n<p>La forma geom\u00e9trica interesante y din\u00e1mica de la luminaria colgante de metal hace que funcione bien en una variedad de entornos, Living, Comedor sala de estar, oficina, porche, garaje, dormitorio, cocina, bar, cafeter\u00eda, tienda, restaurante, balc\u00f3n, etc.<\/p>\n","protected":false},"excerpt":{"rendered":"<p>Lampara Colgante Dise\u00f1o Candelabro Hierro Vidrio L\u00e1mpara de techo negra con y pantalla de Vidrio y Hierro Acabado en nergo y detalles dorados Una l\u00e1mpara de estilo retro-vintage con un dise\u00f1o muy actual. L\u00e1mpara ligera elegante de estilo del vintage y moderna Generosa y elegante decoraci\u00f3n para iluminar tu casa. La pantalla de vidrio color [&#8230;]\n","protected":false},"featured_media":28172,"comment_status":"open","ping_status":"closed","template":"","meta":{"_joinchat":[]},"product_brand":[],"product_cat":[192,425,103,105],"product_tag":[120,122,147,124],"class_list":{"0":"post-28171","1":"product","2":"type-product","3":"status-publish","4":"has-post-thumbnail","6":"product_cat-lamparas-techo","7":"product_cat-ofertas","8":"product_cat-lamparas-y-apliques","9":"product_cat-lamparas-vintage","10":"product_tag-lampara","11":"product_tag-lampara-colgante","12":"product_tag-lampara-rustica","13":"product_tag-lampara-vintage","15":"first","16":"instock","17":"sale","18":"shipping-taxable","19":"purchasable","20":"product-type-simple"},"_links":{"self":[{"href":"https:\/\/www.tiendaled.cl\/index.php?rest_route=\/wp\/v2\/product\/28171","targetHints":{"allow":["GET"]}}],"collection":[{"href":"https:\/\/www.tiendaled.cl\/index.php?rest_route=\/wp\/v2\/product"}],"about":[{"href":"https:\/\/www.tiendaled.cl\/index.php?rest_route=\/wp\/v2\/types\/product"}],"replies":[{"embeddable":true,"href":"https:\/\/www.tiendaled.cl\/index.php?rest_route=%2Fwp%2Fv2%2Fcomments&post=28171"}],"wp:featuredmedia":[{"embeddable":true,"href":"https:\/\/www.tiendaled.cl\/index.php?rest_route=\/wp\/v2\/media\/28172"}],"wp:attachment":[{"href":"https:\/\/www.tiendaled.cl\/index.php?rest_route=%2Fwp%2Fv2%2Fmedia&parent=28171"}],"wp:term":[{"taxonomy":"product_brand","embeddable":true,"href":"https:\/\/www.tiendaled.cl\/index.php?rest_route=%2Fwp%2Fv2%2Fproduct_brand&post=28171"},{"taxonomy":"product_cat","embeddable":true,"href":"https:\/\/www.tiendaled.cl\/index.php?rest_route=%2Fwp%2Fv2%2Fproduct_cat&post=28171"},{"taxonomy":"product_tag","embeddable":true,"href":"https:\/\/www.tiendaled.cl\/index.php?rest_route=%2Fwp%2Fv2%2Fproduct_tag&post=28171"}],"curies":[{"name":"wp","href":"https:\/\/api.w.org\/{rel}","templated":true}]}}