{"id":27998,"date":"2021-04-17T21:18:58","date_gmt":"2021-04-17T23:18:58","guid":{"rendered":"https:\/\/www.tiendaled.cl\/?post_type=product&#038;p=27998"},"modified":"2026-04-19T18:25:28","modified_gmt":"2026-04-19T20:25:28","slug":"lampara-colgante-lagrima-blanca-3-soquetes-e14","status":"publish","type":"product","link":"https:\/\/www.tiendaled.cl\/?product=lampara-colgante-lagrima-blanca-3-soquetes-e14","title":{"rendered":"Lampara Colgante Lagrima Blanca 3 Soquetes E14"},"content":{"rendered":"<p>Lampara colgante lagrimas 3 soquetes<\/p>\n<p>L\u00e1mpara colgante que permite m\u00faltiples usos en decoraci\u00f3n.<br \/>\nLa L\u00e1mpara Colgante de Metal y Vidrio<\/p>\n<p>Es perfecta para ambientes cl\u00e1sicos y genera interesantes contrastes con est\u00e9ticas de otro tipo, como vintage o estilos contempor\u00e1neos.<\/p>\n<p>Tiene 3 focos de luz, para los que idealmente se deben elegir ampolletas tipo vela soquete E14<br \/>\nSu mejor ubicaci\u00f3n es en techos altos, como los de las residencias antiguas, para que luzcan sus cl\u00e1sicas l\u00e1grimas de vidrio.<br \/>\nEs un fant\u00e1stico accesorio para zonas como salones, recibidores, escaleras o comedores.<\/p>\n<p>Alto total 50cm<br \/>\nLargo del cable 80 cm<br \/>\nAncho 60 cm<\/p>\n<p>NO INCLUYE AMPOLLETAS<\/p>\n","protected":false},"excerpt":{"rendered":"<p>Lampara colgante lagrimas 3 soquetes L\u00e1mpara colgante que permite m\u00faltiples usos en decoraci\u00f3n. La L\u00e1mpara Colgante de Metal y Vidrio Es perfecta para ambientes cl\u00e1sicos y genera interesantes contrastes con est\u00e9ticas de otro tipo, como vintage o estilos contempor\u00e1neos. Tiene 3 focos de luz, para los que idealmente se deben elegir ampolletas tipo vela soquete [&#8230;]\n","protected":false},"featured_media":28001,"comment_status":"open","ping_status":"closed","template":"","meta":{"_joinchat":[]},"product_brand":[],"product_cat":[184,192,103,111],"product_tag":[120,172,160],"class_list":{"0":"post-27998","1":"product","2":"type-product","3":"status-publish","4":"has-post-thumbnail","6":"product_cat-lampara-lagrimas","7":"product_cat-lamparas-techo","8":"product_cat-lamparas-y-apliques","9":"product_cat-lamparas-colgantes","10":"product_tag-lampara","11":"product_tag-lampara-candelabro","12":"product_tag-lampara-lagrima","14":"first","15":"instock","16":"shipping-taxable","17":"purchasable","18":"product-type-simple"},"_links":{"self":[{"href":"https:\/\/www.tiendaled.cl\/index.php?rest_route=\/wp\/v2\/product\/27998","targetHints":{"allow":["GET"]}}],"collection":[{"href":"https:\/\/www.tiendaled.cl\/index.php?rest_route=\/wp\/v2\/product"}],"about":[{"href":"https:\/\/www.tiendaled.cl\/index.php?rest_route=\/wp\/v2\/types\/product"}],"replies":[{"embeddable":true,"href":"https:\/\/www.tiendaled.cl\/index.php?rest_route=%2Fwp%2Fv2%2Fcomments&post=27998"}],"wp:featuredmedia":[{"embeddable":true,"href":"https:\/\/www.tiendaled.cl\/index.php?rest_route=\/wp\/v2\/media\/28001"}],"wp:attachment":[{"href":"https:\/\/www.tiendaled.cl\/index.php?rest_route=%2Fwp%2Fv2%2Fmedia&parent=27998"}],"wp:term":[{"taxonomy":"product_brand","embeddable":true,"href":"https:\/\/www.tiendaled.cl\/index.php?rest_route=%2Fwp%2Fv2%2Fproduct_brand&post=27998"},{"taxonomy":"product_cat","embeddable":true,"href":"https:\/\/www.tiendaled.cl\/index.php?rest_route=%2Fwp%2Fv2%2Fproduct_cat&post=27998"},{"taxonomy":"product_tag","embeddable":true,"href":"https:\/\/www.tiendaled.cl\/index.php?rest_route=%2Fwp%2Fv2%2Fproduct_tag&post=27998"}],"curies":[{"name":"wp","href":"https:\/\/api.w.org\/{rel}","templated":true}]}}