{"id":27970,"date":"2021-04-17T19:25:13","date_gmt":"2021-04-17T21:25:13","guid":{"rendered":"https:\/\/www.tiendaled.cl\/?post_type=product&#038;p=27970"},"modified":"2023-03-10T18:53:37","modified_gmt":"2023-03-10T20:53:37","slug":"lampara-de-escritorio-brazo-flexible-giratorio-soquete-e27","status":"publish","type":"product","link":"https:\/\/www.tiendaled.cl\/?product=lampara-de-escritorio-brazo-flexible-giratorio-soquete-e27","title":{"rendered":"L\u00e1mpara De Escritorio Brazo Flexible Giratorio Soquete E27"},"content":{"rendered":"<p>Creativa l\u00e1mpara de Escritorio con clip de brazo largo plegable, efecto de un Estilo y dise\u00f1o fant\u00e1stico y elegante<br \/>\nHermosa y m\u00e1gica de efectos de luz, a esta l\u00e1mpara le agrega un temperamento elegante.<br \/>\nEsta luz de escritorio est\u00e1 decorada en su hogar, luces c\u00e1lidas y rom\u00e1nticas, proyecci\u00f3n fant\u00e1stica, ensue\u00f1o infinito de personas, luz distribuida, de ensue\u00f1o, v\u00edvida y atractiva, en un encanto de alma \u00fanico.<br \/>\nCon aleaci\u00f3n de aluminio de alta calidad, material pl\u00e1stico ABS, alta temperatura, resistencia al impacto, ajustable en cualquier \u00e1ngulo, fijo s\u00f3lido, duradero.<br \/>\nCompatible con voltaje de todo el mundo &#8211; 110V o 220V y todo lo que est\u00e9 en medio &#8211; por favor<br \/>\nUtiliza ampolleta de soquete tradicional E27. NO INCLUIDA<br \/>\nEs adecuado para cualquier lugar (sala de lectura, oficina, hogar, cafeter\u00eda),<\/p>\n","protected":false},"excerpt":{"rendered":"<p>Creativa l\u00e1mpara de Escritorio con clip de brazo largo plegable, efecto de un Estilo y dise\u00f1o fant\u00e1stico y elegante Hermosa y m\u00e1gica de efectos de luz, a esta l\u00e1mpara le agrega un temperamento elegante. Esta luz de escritorio est\u00e1 decorada en su hogar, luces c\u00e1lidas y rom\u00e1nticas, proyecci\u00f3n fant\u00e1stica, ensue\u00f1o infinito de personas, luz distribuida, [&#8230;]\n","protected":false},"featured_media":27972,"comment_status":"open","ping_status":"closed","template":"","meta":{"_joinchat":[]},"product_brand":[],"product_cat":[92,93,109],"product_tag":[120,194,195,128],"class_list":{"0":"post-27970","1":"product","2":"type-product","3":"status-publish","4":"has-post-thumbnail","6":"product_cat-productos-led","7":"product_cat-ampolletas-led","8":"product_cat-lamparas-de-mesa","9":"product_tag-lampara","10":"product_tag-lampara-escritorio","11":"product_tag-lampara-flexible","12":"product_tag-lampara-mesa","14":"first","15":"instock","16":"shipping-taxable","17":"purchasable","18":"product-type-simple"},"_links":{"self":[{"href":"https:\/\/www.tiendaled.cl\/index.php?rest_route=\/wp\/v2\/product\/27970","targetHints":{"allow":["GET"]}}],"collection":[{"href":"https:\/\/www.tiendaled.cl\/index.php?rest_route=\/wp\/v2\/product"}],"about":[{"href":"https:\/\/www.tiendaled.cl\/index.php?rest_route=\/wp\/v2\/types\/product"}],"replies":[{"embeddable":true,"href":"https:\/\/www.tiendaled.cl\/index.php?rest_route=%2Fwp%2Fv2%2Fcomments&post=27970"}],"wp:featuredmedia":[{"embeddable":true,"href":"https:\/\/www.tiendaled.cl\/index.php?rest_route=\/wp\/v2\/media\/27972"}],"wp:attachment":[{"href":"https:\/\/www.tiendaled.cl\/index.php?rest_route=%2Fwp%2Fv2%2Fmedia&parent=27970"}],"wp:term":[{"taxonomy":"product_brand","embeddable":true,"href":"https:\/\/www.tiendaled.cl\/index.php?rest_route=%2Fwp%2Fv2%2Fproduct_brand&post=27970"},{"taxonomy":"product_cat","embeddable":true,"href":"https:\/\/www.tiendaled.cl\/index.php?rest_route=%2Fwp%2Fv2%2Fproduct_cat&post=27970"},{"taxonomy":"product_tag","embeddable":true,"href":"https:\/\/www.tiendaled.cl\/index.php?rest_route=%2Fwp%2Fv2%2Fproduct_tag&post=27970"}],"curies":[{"name":"wp","href":"https:\/\/api.w.org\/{rel}","templated":true}]}}