{"id":27915,"date":"2021-04-08T09:42:14","date_gmt":"2021-04-08T11:42:14","guid":{"rendered":"https:\/\/www.tiendaled.cl\/?post_type=product&#038;p=27915"},"modified":"2026-03-06T14:40:27","modified_gmt":"2026-03-06T16:40:27","slug":"pack-de-2-lamparas-de-techo-plafon-blanco-1-ampolleta","status":"publish","type":"product","link":"https:\/\/www.tiendaled.cl\/?product=pack-de-2-lamparas-de-techo-plafon-blanco-1-ampolleta","title":{"rendered":"Pack De 2 Lamparas De Techo Plafon Blanco 1 Ampolleta"},"content":{"rendered":"<p>Set de 2 Lamparas de techo plafon<\/p>\n<p>De color Blanco y Vidrio pavonado<\/p>\n<p>El dise\u00f1o de apariencia redonda es elegante, ordenado y conciso, y se adapta a los diferentes estilos de decoraci\u00f3n del hogar.<br \/>\nSe puede usar como iluminaci\u00f3n de varias escenas, como dormitorio, comedor, sala de estar, balc\u00f3n, cocina, ba\u00f1o, etc<\/p>\n<p>28cm de diametro<br \/>\nUtiliza 1 Ampolleta de soquete tradicional E27\u00a0 No incluida<\/p>\n","protected":false},"excerpt":{"rendered":"<p>Set de 2 Lamparas de techo plafon De color Blanco y Vidrio pavonado El dise\u00f1o de apariencia redonda es elegante, ordenado y conciso, y se adapta a los diferentes estilos de decoraci\u00f3n del hogar. Se puede usar como iluminaci\u00f3n de varias escenas, como dormitorio, comedor, sala de estar, balc\u00f3n, cocina, ba\u00f1o, etc 28cm de diametro [&#8230;]\n","protected":false},"featured_media":27916,"comment_status":"open","ping_status":"closed","template":"","meta":{"_joinchat":[]},"product_brand":[],"product_cat":[192,103,106],"product_tag":[148,193],"class_list":{"0":"post-27915","1":"product","2":"type-product","3":"status-publish","4":"has-post-thumbnail","6":"product_cat-lamparas-techo","7":"product_cat-lamparas-y-apliques","8":"product_cat-apliques","9":"product_tag-lampara-techo","10":"product_tag-plafon","12":"first","13":"instock","14":"shipping-taxable","15":"purchasable","16":"product-type-simple"},"_links":{"self":[{"href":"https:\/\/www.tiendaled.cl\/index.php?rest_route=\/wp\/v2\/product\/27915","targetHints":{"allow":["GET"]}}],"collection":[{"href":"https:\/\/www.tiendaled.cl\/index.php?rest_route=\/wp\/v2\/product"}],"about":[{"href":"https:\/\/www.tiendaled.cl\/index.php?rest_route=\/wp\/v2\/types\/product"}],"replies":[{"embeddable":true,"href":"https:\/\/www.tiendaled.cl\/index.php?rest_route=%2Fwp%2Fv2%2Fcomments&post=27915"}],"wp:featuredmedia":[{"embeddable":true,"href":"https:\/\/www.tiendaled.cl\/index.php?rest_route=\/wp\/v2\/media\/27916"}],"wp:attachment":[{"href":"https:\/\/www.tiendaled.cl\/index.php?rest_route=%2Fwp%2Fv2%2Fmedia&parent=27915"}],"wp:term":[{"taxonomy":"product_brand","embeddable":true,"href":"https:\/\/www.tiendaled.cl\/index.php?rest_route=%2Fwp%2Fv2%2Fproduct_brand&post=27915"},{"taxonomy":"product_cat","embeddable":true,"href":"https:\/\/www.tiendaled.cl\/index.php?rest_route=%2Fwp%2Fv2%2Fproduct_cat&post=27915"},{"taxonomy":"product_tag","embeddable":true,"href":"https:\/\/www.tiendaled.cl\/index.php?rest_route=%2Fwp%2Fv2%2Fproduct_tag&post=27915"}],"curies":[{"name":"wp","href":"https:\/\/api.w.org\/{rel}","templated":true}]}}