{"id":27795,"date":"2021-03-28T19:49:45","date_gmt":"2021-03-28T21:49:45","guid":{"rendered":"https:\/\/www.tiendaled.cl\/?post_type=product&#038;p=27795"},"modified":"2025-02-26T21:05:44","modified_gmt":"2025-02-26T23:05:44","slug":"lampara-colgante-jaula-hierro-diseno-mariposa-incluye-ampolleta","status":"publish","type":"product","link":"https:\/\/www.tiendaled.cl\/?product=lampara-colgante-jaula-hierro-diseno-mariposa-incluye-ampolleta","title":{"rendered":"Lampara Colgante Jaula Hierro Dise\u00f1o Mariposa Incluye Ampolleta"},"content":{"rendered":"<p>Lampara colgante Jaula de hierro Industrial<br \/>\nDise\u00f1o Mariposa<\/p>\n<p>Forma de jaula<br \/>\nCon cable negro textil y pantalla de hierro con acabado en negro y figura de mariposa<br \/>\nL\u00e1mpara de estilo Vintage industrial<\/p>\n<p>Esta hermosa l\u00e1mpara colgante encajar\u00eda muy bien en muchas decoraciones, especialmente para comedor, loft, porche, casa de campo, restaurante, cafeter\u00eda, sala de estar, cocina, dormitorio y estudio.<br \/>\nF\u00e1cil de instalar<br \/>\nCable m\u00e1s duradero para reducir riesgos.<br \/>\nLa longitud del cable se puede ajustar antes de la instalaci\u00f3n<\/p>\n<p>Estructura simple, estilo de retro, elegante l\u00edneas. no s\u00f3lo la iluminaci\u00f3n, sino tambi\u00e9n para decorar su casa.<\/p>\n<p>Lampara ideal para cualquier lugar de la casa y a su vez conseguiremos un toque elegante y actual.<br \/>\nUtiliza Ampolleta E27, 60w m\u00e1x.<\/p>\n<p>Incluye ampolleta de regalo<\/p>\n<p>Medidas estructura 20x 13 Cm<br \/>\nCable 1,2 Mt<\/p>\n","protected":false},"excerpt":{"rendered":"<p>Lampara colgante Jaula de hierro Industrial Dise\u00f1o Mariposa Forma de jaula Con cable negro textil y pantalla de hierro con acabado en negro y figura de mariposa L\u00e1mpara de estilo Vintage industrial Esta hermosa l\u00e1mpara colgante encajar\u00eda muy bien en muchas decoraciones, especialmente para comedor, loft, porche, casa de campo, restaurante, cafeter\u00eda, sala de estar, [&#8230;]\n","protected":false},"featured_media":27797,"comment_status":"open","ping_status":"closed","template":"","meta":{"_joinchat":[]},"product_brand":[],"product_cat":[103,111,105],"product_tag":[120,122,191,147],"class_list":{"0":"post-27795","1":"product","2":"type-product","3":"status-publish","4":"has-post-thumbnail","6":"product_cat-lamparas-y-apliques","7":"product_cat-lamparas-colgantes","8":"product_cat-lamparas-vintage","9":"product_tag-lampara","10":"product_tag-lampara-colgante","11":"product_tag-lampara-hierro","12":"product_tag-lampara-rustica","14":"first","15":"instock","16":"shipping-taxable","17":"purchasable","18":"product-type-simple"},"_links":{"self":[{"href":"https:\/\/www.tiendaled.cl\/index.php?rest_route=\/wp\/v2\/product\/27795","targetHints":{"allow":["GET"]}}],"collection":[{"href":"https:\/\/www.tiendaled.cl\/index.php?rest_route=\/wp\/v2\/product"}],"about":[{"href":"https:\/\/www.tiendaled.cl\/index.php?rest_route=\/wp\/v2\/types\/product"}],"replies":[{"embeddable":true,"href":"https:\/\/www.tiendaled.cl\/index.php?rest_route=%2Fwp%2Fv2%2Fcomments&post=27795"}],"wp:featuredmedia":[{"embeddable":true,"href":"https:\/\/www.tiendaled.cl\/index.php?rest_route=\/wp\/v2\/media\/27797"}],"wp:attachment":[{"href":"https:\/\/www.tiendaled.cl\/index.php?rest_route=%2Fwp%2Fv2%2Fmedia&parent=27795"}],"wp:term":[{"taxonomy":"product_brand","embeddable":true,"href":"https:\/\/www.tiendaled.cl\/index.php?rest_route=%2Fwp%2Fv2%2Fproduct_brand&post=27795"},{"taxonomy":"product_cat","embeddable":true,"href":"https:\/\/www.tiendaled.cl\/index.php?rest_route=%2Fwp%2Fv2%2Fproduct_cat&post=27795"},{"taxonomy":"product_tag","embeddable":true,"href":"https:\/\/www.tiendaled.cl\/index.php?rest_route=%2Fwp%2Fv2%2Fproduct_tag&post=27795"}],"curies":[{"name":"wp","href":"https:\/\/api.w.org\/{rel}","templated":true}]}}