{"id":27755,"date":"2021-03-26T13:50:15","date_gmt":"2021-03-26T15:50:15","guid":{"rendered":"https:\/\/www.tiendaled.cl\/?post_type=product&#038;p=27755"},"modified":"2022-06-14T23:51:21","modified_gmt":"2022-06-15T01:51:21","slug":"lampara-techo-cuerda-antigua-incluye-8-ampolletas-vintage","status":"publish","type":"product","link":"https:\/\/www.tiendaled.cl\/?product=lampara-techo-cuerda-antigua-incluye-8-ampolletas-vintage","title":{"rendered":"L\u00e1mpara Techo Cuerda Antigua Incluye 8 Ampolletas Vintage"},"content":{"rendered":"<p>Dise\u00f1o retro y r\u00fastico<br \/>\nLampara dise\u00f1ada para entregar un toque rustico y artesanal.<br \/>\nEntrega una excelente iluminacion por la distribucion de sus 8 ampolletas<br \/>\nTama\u00f1o de la pantalla de la l\u00e1mpara: 62 cm * 62 cm * 75 cm<br \/>\nlongitud del cable: 60 cm<br \/>\nSoporta Ampolletas de soquete tradicional E27<br \/>\nAdecuado para Ampolletas LED Vintage o de Filamento de carbono, incluye 8 ampolletas de filamento led vintage de 4w<br \/>\nAlta calidad<br \/>\nLampara Ideal para se utilizada en la sala de estar, comedor, quinchos, etc.<br \/>\nUna excelente alternativa de iluminacion y decoracion para restaurantes, hoteles, cafeter\u00edas, bares, ect ..<\/p>\n","protected":false},"excerpt":{"rendered":"<p>Dise\u00f1o retro y r\u00fastico Lampara dise\u00f1ada para entregar un toque rustico y artesanal. Entrega una excelente iluminacion por la distribucion de sus 8 ampolletas Tama\u00f1o de la pantalla de la l\u00e1mpara: 62 cm * 62 cm * 75 cm longitud del cable: 60 cm Soporta Ampolletas de soquete tradicional E27 Adecuado para Ampolletas LED Vintage [&#8230;]\n","protected":false},"featured_media":27762,"comment_status":"open","ping_status":"closed","template":"","meta":{"_joinchat":[]},"product_brand":[],"product_cat":[181,103,111,105],"product_tag":[120,173,122,147],"class_list":{"0":"post-27755","1":"product","2":"type-product","3":"status-publish","4":"has-post-thumbnail","6":"product_cat-lamparas-canamo","7":"product_cat-lamparas-y-apliques","8":"product_cat-lamparas-colgantes","9":"product_cat-lamparas-vintage","10":"product_tag-lampara","11":"product_tag-lampara-canamo","12":"product_tag-lampara-colgante","13":"product_tag-lampara-rustica","14":"product_shipping_class-envio-por-pagar","16":"first","17":"instock","18":"shipping-taxable","19":"purchasable","20":"product-type-simple"},"_links":{"self":[{"href":"https:\/\/www.tiendaled.cl\/index.php?rest_route=\/wp\/v2\/product\/27755","targetHints":{"allow":["GET"]}}],"collection":[{"href":"https:\/\/www.tiendaled.cl\/index.php?rest_route=\/wp\/v2\/product"}],"about":[{"href":"https:\/\/www.tiendaled.cl\/index.php?rest_route=\/wp\/v2\/types\/product"}],"replies":[{"embeddable":true,"href":"https:\/\/www.tiendaled.cl\/index.php?rest_route=%2Fwp%2Fv2%2Fcomments&post=27755"}],"wp:featuredmedia":[{"embeddable":true,"href":"https:\/\/www.tiendaled.cl\/index.php?rest_route=\/wp\/v2\/media\/27762"}],"wp:attachment":[{"href":"https:\/\/www.tiendaled.cl\/index.php?rest_route=%2Fwp%2Fv2%2Fmedia&parent=27755"}],"wp:term":[{"taxonomy":"product_brand","embeddable":true,"href":"https:\/\/www.tiendaled.cl\/index.php?rest_route=%2Fwp%2Fv2%2Fproduct_brand&post=27755"},{"taxonomy":"product_cat","embeddable":true,"href":"https:\/\/www.tiendaled.cl\/index.php?rest_route=%2Fwp%2Fv2%2Fproduct_cat&post=27755"},{"taxonomy":"product_tag","embeddable":true,"href":"https:\/\/www.tiendaled.cl\/index.php?rest_route=%2Fwp%2Fv2%2Fproduct_tag&post=27755"}],"curies":[{"name":"wp","href":"https:\/\/api.w.org\/{rel}","templated":true}]}}