{"id":27729,"date":"2021-03-22T19:05:46","date_gmt":"2021-03-22T21:05:46","guid":{"rendered":"https:\/\/www.tiendaled.cl\/?post_type=product&#038;p=27729"},"modified":"2026-03-17T18:35:31","modified_gmt":"2026-03-17T20:35:31","slug":"lampara-triple-de-techo-hierro-forma-diamante-c-pantalla","status":"publish","type":"product","link":"https:\/\/www.tiendaled.cl\/?product=lampara-triple-de-techo-hierro-forma-diamante-c-pantalla","title":{"rendered":"Lampara Triple De Techo Hierro Forma Diamante, C\/pantalla"},"content":{"rendered":"<p>Lampara Colgante Triple de Hierro en forma de Diamante de 25x25cm, con pantalla<\/p>\n<p>L\u00e1mpara de techo con cable negro textil y pantalla de hierro con acabado en negro y forma diamante.<br \/>\nDise\u00f1o \u00fanico, estilo industrial retro de textura simple, atmosf\u00e9rica y rica.<br \/>\nTama\u00f1o: 25 * 25 cm; longitud del cable colgante: 100 cm, puede ajustar.<br \/>\nSoquete Tradicional E27 (no incluye ampolletas).<br \/>\nLugares adecuados: perfecto para su uso en restaurantes, estudios, balcones, pasillos, salas y otros lugares diferentes.<br \/>\nUna l\u00e1mpara de estilo industrial con un dise\u00f1o muy actual.<br \/>\n.<br \/>\nCon este tipo de pantalla obtendremos una iluminaci\u00f3n general ideal para cualquier lugar de la casa y a su vez conseguiremos un toque elegante y actual.<br \/>\nComo recomendaci\u00f3n le puede poner focos estilo Edison para dar un estilo mas Retro\/Vintage a su l\u00e1mpara.<br \/>\nMaterial: Metal<br \/>\nDi\u00e1metro de Jaula: 25cm<br \/>\nColor: Negro<br \/>\nTipo De ampolleta: E27 (Normal)(no incluida).<br \/>\nWats por ampolleta: Max 50 W<br \/>\nVoltaje de entrada: 110-220 V<br \/>\nEspacio adecuado: 10-15 metro cuadrado<\/p>\n","protected":false},"excerpt":{"rendered":"<p>Lampara Colgante Triple de Hierro en forma de Diamante de 25x25cm, con pantalla L\u00e1mpara de techo con cable negro textil y pantalla de hierro con acabado en negro y forma diamante. Dise\u00f1o \u00fanico, estilo industrial retro de textura simple, atmosf\u00e9rica y rica. Tama\u00f1o: 25 * 25 cm; longitud del cable colgante: 100 cm, puede ajustar. [&#8230;]\n","protected":false},"featured_media":27730,"comment_status":"open","ping_status":"closed","template":"","meta":{"_joinchat":[]},"product_brand":[],"product_cat":[103,111,105],"product_tag":[120,122,123],"class_list":{"0":"post-27729","1":"product","2":"type-product","3":"status-publish","4":"has-post-thumbnail","6":"product_cat-lamparas-y-apliques","7":"product_cat-lamparas-colgantes","8":"product_cat-lamparas-vintage","9":"product_tag-lampara","10":"product_tag-lampara-colgante","11":"product_tag-lampara-triple","13":"first","14":"instock","15":"shipping-taxable","16":"purchasable","17":"product-type-simple"},"_links":{"self":[{"href":"https:\/\/www.tiendaled.cl\/index.php?rest_route=\/wp\/v2\/product\/27729","targetHints":{"allow":["GET"]}}],"collection":[{"href":"https:\/\/www.tiendaled.cl\/index.php?rest_route=\/wp\/v2\/product"}],"about":[{"href":"https:\/\/www.tiendaled.cl\/index.php?rest_route=\/wp\/v2\/types\/product"}],"replies":[{"embeddable":true,"href":"https:\/\/www.tiendaled.cl\/index.php?rest_route=%2Fwp%2Fv2%2Fcomments&post=27729"}],"wp:featuredmedia":[{"embeddable":true,"href":"https:\/\/www.tiendaled.cl\/index.php?rest_route=\/wp\/v2\/media\/27730"}],"wp:attachment":[{"href":"https:\/\/www.tiendaled.cl\/index.php?rest_route=%2Fwp%2Fv2%2Fmedia&parent=27729"}],"wp:term":[{"taxonomy":"product_brand","embeddable":true,"href":"https:\/\/www.tiendaled.cl\/index.php?rest_route=%2Fwp%2Fv2%2Fproduct_brand&post=27729"},{"taxonomy":"product_cat","embeddable":true,"href":"https:\/\/www.tiendaled.cl\/index.php?rest_route=%2Fwp%2Fv2%2Fproduct_cat&post=27729"},{"taxonomy":"product_tag","embeddable":true,"href":"https:\/\/www.tiendaled.cl\/index.php?rest_route=%2Fwp%2Fv2%2Fproduct_tag&post=27729"}],"curies":[{"name":"wp","href":"https:\/\/api.w.org\/{rel}","templated":true}]}}