{"id":27628,"date":"2021-03-13T18:05:43","date_gmt":"2021-03-13T20:05:43","guid":{"rendered":"https:\/\/www.tiendaled.cl\/?post_type=product&#038;p=27628"},"modified":"2025-07-05T19:58:55","modified_gmt":"2025-07-05T21:58:55","slug":"lampara-colgante-forma-de-nido-40cm","status":"publish","type":"product","link":"https:\/\/www.tiendaled.cl\/?product=lampara-colgante-forma-de-nido-40cm","title":{"rendered":"L\u00e1mpara Colgante Forma De Nido 40cm"},"content":{"rendered":"<p>L\u00e1mpara Colgante Fomra de Nido<\/p>\n<p>Fabricado en madera, su forma simula un perfecto nido de p\u00e1jaros, de un tama\u00f1o similar a los que se forman naturalmente en los \u00e1rboles. Como astillas entrelazadas, se sostienen sobre un tubo met\u00e1lico, que se adhiere al techo.<\/p>\n<p>Perfecta para una sala de estar de decoraci\u00f3n natural, donde las alfombras, cojines en el piso y los tonos pasteles o caf\u00e9, sean lo principal. Un comedor con aires naturales, ecol\u00f3gicos y org\u00e1nicos, tambi\u00e9n recibe a la perfecci\u00f3n este objeto de iluminaci\u00f3n, que dar\u00e1 un brillo de 60 watts de potencia.<\/p>\n<p>Modelo Nido<br \/>\nCapacidad 1 luz<br \/>\nAlto 28 cm<br \/>\nMaterial Madera<br \/>\nUso Colgante<br \/>\nPotencia m\u00e1xima 60 W<br \/>\nAmpolletas incluidas No<br \/>\nFondo 41 cm<br \/>\nAncho 41 cm<br \/>\nColor Caf\u00e9<\/p>\n","protected":false},"excerpt":{"rendered":"<p>L\u00e1mpara Colgante Fomra de Nido Fabricado en madera, su forma simula un perfecto nido de p\u00e1jaros, de un tama\u00f1o similar a los que se forman naturalmente en los \u00e1rboles. Como astillas entrelazadas, se sostienen sobre un tubo met\u00e1lico, que se adhiere al techo. Perfecta para una sala de estar de decoraci\u00f3n natural, donde las alfombras, [&#8230;]\n","protected":false},"featured_media":27629,"comment_status":"open","ping_status":"closed","template":"","meta":{"_joinchat":[]},"product_brand":[],"product_cat":[103,111],"product_tag":[],"class_list":{"0":"post-27628","1":"product","2":"type-product","3":"status-publish","4":"has-post-thumbnail","6":"product_cat-lamparas-y-apliques","7":"product_cat-lamparas-colgantes","9":"first","10":"instock","11":"shipping-taxable","12":"purchasable","13":"product-type-simple"},"_links":{"self":[{"href":"https:\/\/www.tiendaled.cl\/index.php?rest_route=\/wp\/v2\/product\/27628","targetHints":{"allow":["GET"]}}],"collection":[{"href":"https:\/\/www.tiendaled.cl\/index.php?rest_route=\/wp\/v2\/product"}],"about":[{"href":"https:\/\/www.tiendaled.cl\/index.php?rest_route=\/wp\/v2\/types\/product"}],"replies":[{"embeddable":true,"href":"https:\/\/www.tiendaled.cl\/index.php?rest_route=%2Fwp%2Fv2%2Fcomments&post=27628"}],"wp:featuredmedia":[{"embeddable":true,"href":"https:\/\/www.tiendaled.cl\/index.php?rest_route=\/wp\/v2\/media\/27629"}],"wp:attachment":[{"href":"https:\/\/www.tiendaled.cl\/index.php?rest_route=%2Fwp%2Fv2%2Fmedia&parent=27628"}],"wp:term":[{"taxonomy":"product_brand","embeddable":true,"href":"https:\/\/www.tiendaled.cl\/index.php?rest_route=%2Fwp%2Fv2%2Fproduct_brand&post=27628"},{"taxonomy":"product_cat","embeddable":true,"href":"https:\/\/www.tiendaled.cl\/index.php?rest_route=%2Fwp%2Fv2%2Fproduct_cat&post=27628"},{"taxonomy":"product_tag","embeddable":true,"href":"https:\/\/www.tiendaled.cl\/index.php?rest_route=%2Fwp%2Fv2%2Fproduct_tag&post=27628"}],"curies":[{"name":"wp","href":"https:\/\/api.w.org\/{rel}","templated":true}]}}