{"id":27142,"date":"2021-01-03T20:29:16","date_gmt":"2021-01-03T22:29:16","guid":{"rendered":"https:\/\/www.tiendaled.cl\/?post_type=product&#038;p=27142"},"modified":"2025-09-11T13:12:24","modified_gmt":"2025-09-11T15:12:24","slug":"lampara-doble-cuerda-antigua-incluye-14-ampolletas-vintage","status":"publish","type":"product","link":"https:\/\/www.tiendaled.cl\/?product=lampara-doble-cuerda-antigua-incluye-14-ampolletas-vintage","title":{"rendered":"L\u00e1mpara Doble Cuerda Antigua 14 Ampolletas"},"content":{"rendered":"<p>Dise\u00f1o retro y r\u00fastico<br \/>\nLampara dise\u00f1ada para entregar un toque rustico y artesanal<br \/>\nDoble soporte para sus ampolleta de 8 y 6.<br \/>\nEntrega una excelente iluminacion por la distribucion de sus 14 ampolletas<br \/>\nTama\u00f1o de la pantalla de la l\u00e1mpara: 62 cm * 62 cm * 75 cm y 55 cm * 55cm * 70cm<br \/>\nlongitud del cable: 60 cm<br \/>\nSoporta Ampolletas de soquete tradicional E27<br \/>\nAdecuado para Ampolletas LED Vintage o de Filamento de carbono, in<\/p>\n<p>&nbsp;<\/p>\n<p>NO INCLUYE AMPOLLETAS<\/p>\n<p>&nbsp;<\/p>\n<p>Lampara Ideal para se utilizada en la sala de estar, comedor, quinchos, etc.<br \/>\nUna excelente alternativa de iluminacion y decoracion para restaurantes, hoteles, cafeter\u00edas, bares, ect ..<\/p>\n","protected":false},"excerpt":{"rendered":"<p>Dise\u00f1o retro y r\u00fastico Lampara dise\u00f1ada para entregar un toque rustico y artesanal Doble soporte para sus ampolleta de 8 y 6. Entrega una excelente iluminacion por la distribucion de sus 14 ampolletas Tama\u00f1o de la pantalla de la l\u00e1mpara: 62 cm * 62 cm * 75 cm y 55 cm * 55cm * 70cm [&#8230;]\n","protected":false},"featured_media":30290,"comment_status":"open","ping_status":"closed","template":"","meta":{"_joinchat":[]},"product_brand":[],"product_cat":[92,93,103,111,105],"product_tag":[122,147,148,124],"class_list":{"0":"post-27142","1":"product","2":"type-product","3":"status-publish","4":"has-post-thumbnail","6":"product_cat-productos-led","7":"product_cat-ampolletas-led","8":"product_cat-lamparas-y-apliques","9":"product_cat-lamparas-colgantes","10":"product_cat-lamparas-vintage","11":"product_tag-lampara-colgante","12":"product_tag-lampara-rustica","13":"product_tag-lampara-techo","14":"product_tag-lampara-vintage","16":"first","17":"instock","18":"shipping-taxable","19":"purchasable","20":"product-type-simple"},"_links":{"self":[{"href":"https:\/\/www.tiendaled.cl\/index.php?rest_route=\/wp\/v2\/product\/27142","targetHints":{"allow":["GET"]}}],"collection":[{"href":"https:\/\/www.tiendaled.cl\/index.php?rest_route=\/wp\/v2\/product"}],"about":[{"href":"https:\/\/www.tiendaled.cl\/index.php?rest_route=\/wp\/v2\/types\/product"}],"replies":[{"embeddable":true,"href":"https:\/\/www.tiendaled.cl\/index.php?rest_route=%2Fwp%2Fv2%2Fcomments&post=27142"}],"wp:featuredmedia":[{"embeddable":true,"href":"https:\/\/www.tiendaled.cl\/index.php?rest_route=\/wp\/v2\/media\/30290"}],"wp:attachment":[{"href":"https:\/\/www.tiendaled.cl\/index.php?rest_route=%2Fwp%2Fv2%2Fmedia&parent=27142"}],"wp:term":[{"taxonomy":"product_brand","embeddable":true,"href":"https:\/\/www.tiendaled.cl\/index.php?rest_route=%2Fwp%2Fv2%2Fproduct_brand&post=27142"},{"taxonomy":"product_cat","embeddable":true,"href":"https:\/\/www.tiendaled.cl\/index.php?rest_route=%2Fwp%2Fv2%2Fproduct_cat&post=27142"},{"taxonomy":"product_tag","embeddable":true,"href":"https:\/\/www.tiendaled.cl\/index.php?rest_route=%2Fwp%2Fv2%2Fproduct_tag&post=27142"}],"curies":[{"name":"wp","href":"https:\/\/api.w.org\/{rel}","templated":true}]}}