{"id":27117,"date":"2021-01-03T19:44:59","date_gmt":"2021-01-03T21:44:59","guid":{"rendered":"https:\/\/www.tiendaled.cl\/?post_type=product&#038;p=27117"},"modified":"2025-09-02T23:25:27","modified_gmt":"2025-09-03T01:25:27","slug":"foco-multiled-20w-ip66-exterior-luz-calida-y-fria","status":"publish","type":"product","link":"https:\/\/www.tiendaled.cl\/?product=foco-multiled-20w-ip66-exterior-luz-calida-y-fria","title":{"rendered":"Foco Multiled 20w Ip66 Exterior Luz Calida y Fria"},"content":{"rendered":"<p>Foco Multiled 20w IP66 Exterior Luz Calida Y Fria<\/p>\n<p>Caracter\u00edsticas:<\/p>\n<p>Es perfecto para la iluminaci\u00f3n de locales, discotecas, bares, jardines, exposiciones, vallas publicitarias e incluso viviendas.<br \/>\nA prueba de agua, ideal para su uso tanto en interiores como al aire libre.<br \/>\nSoporte regulable giratorio, que le permite direccionar la luz en diferentes \u00e1ngulos.<br \/>\nLarga vida \u00fatil de 60.000 horas y un rendimiento estable. Carcasa de aluminio fundido a presi\u00f3n. Bajo consumo y ahorro de energ\u00eda. F\u00e1cil instalaci\u00f3n.<br \/>\nConsumo: 20w<br \/>\nVida \u00datil: 60.000 horas Ahorro de energ\u00eda 80% con respecto a las otras tecnolog\u00edas.<br \/>\nTemperatura del Color: 2700-3200K Blanco c\u00e1lido<br \/>\nComposici\u00f3n: Aluminio de alta pureza Cuerpo color: Negro (para otro color consultar)<br \/>\nProtecci\u00f3n IP66: Resiste lluvia y polvo. Totalmente herm\u00e9ticos.<br \/>\nFlujo lum\u00ednico (l\u00famenes) 1600-1800lm<br \/>\nNo emite luz ultravioleta ( uv ) El encendido es INSTANTANEO<br \/>\nMedidas: 184mm x 180 mm x 45mm<br \/>\nAl no emitir temperaturas, no quema las plantas en los jardines.<\/p>\n","protected":false},"excerpt":{"rendered":"<p>Foco Multiled 20w IP66 Exterior Luz Calida Y Fria Caracter\u00edsticas: Es perfecto para la iluminaci\u00f3n de locales, discotecas, bares, jardines, exposiciones, vallas publicitarias e incluso viviendas. A prueba de agua, ideal para su uso tanto en interiores como al aire libre. Soporte regulable giratorio, que le permite direccionar la luz en diferentes \u00e1ngulos. Larga vida [&#8230;]\n","protected":false},"featured_media":27119,"comment_status":"open","ping_status":"closed","template":"","meta":{"_joinchat":[]},"product_brand":[],"product_cat":[92,98,101],"product_tag":[150,152,151],"class_list":{"0":"post-27117","1":"product","2":"type-product","3":"status-publish","4":"has-post-thumbnail","6":"product_cat-productos-led","7":"product_cat-proyectores-led","8":"product_cat-luminaria-led","9":"product_tag-focos-led","10":"product_tag-focos-proyectores","11":"product_tag-proyectores-led","13":"first","14":"instock","15":"shipping-taxable","16":"purchasable","17":"product-type-simple"},"_links":{"self":[{"href":"https:\/\/www.tiendaled.cl\/index.php?rest_route=\/wp\/v2\/product\/27117","targetHints":{"allow":["GET"]}}],"collection":[{"href":"https:\/\/www.tiendaled.cl\/index.php?rest_route=\/wp\/v2\/product"}],"about":[{"href":"https:\/\/www.tiendaled.cl\/index.php?rest_route=\/wp\/v2\/types\/product"}],"replies":[{"embeddable":true,"href":"https:\/\/www.tiendaled.cl\/index.php?rest_route=%2Fwp%2Fv2%2Fcomments&post=27117"}],"wp:featuredmedia":[{"embeddable":true,"href":"https:\/\/www.tiendaled.cl\/index.php?rest_route=\/wp\/v2\/media\/27119"}],"wp:attachment":[{"href":"https:\/\/www.tiendaled.cl\/index.php?rest_route=%2Fwp%2Fv2%2Fmedia&parent=27117"}],"wp:term":[{"taxonomy":"product_brand","embeddable":true,"href":"https:\/\/www.tiendaled.cl\/index.php?rest_route=%2Fwp%2Fv2%2Fproduct_brand&post=27117"},{"taxonomy":"product_cat","embeddable":true,"href":"https:\/\/www.tiendaled.cl\/index.php?rest_route=%2Fwp%2Fv2%2Fproduct_cat&post=27117"},{"taxonomy":"product_tag","embeddable":true,"href":"https:\/\/www.tiendaled.cl\/index.php?rest_route=%2Fwp%2Fv2%2Fproduct_tag&post=27117"}],"curies":[{"name":"wp","href":"https:\/\/api.w.org\/{rel}","templated":true}]}}