{"id":27084,"date":"2021-01-02T19:23:30","date_gmt":"2021-01-02T21:23:30","guid":{"rendered":"https:\/\/www.tiendaled.cl\/?post_type=product&#038;p=27084"},"modified":"2023-02-07T16:38:55","modified_gmt":"2023-02-07T18:38:55","slug":"lampara-colgante-fierro-cuadrado-incluye-ampolleta-led-vintage","status":"publish","type":"product","link":"https:\/\/www.tiendaled.cl\/?product=lampara-colgante-fierro-cuadrado-incluye-ampolleta-led-vintage","title":{"rendered":"Lampara Colgante Fierro Cuadrado, Incluye Ampolleta Led Vintage"},"content":{"rendered":"<p>Lampara Colgante Modelo Cuadrado<\/p>\n<p>Dise\u00f1ada para decorar todo tipo de ambientes<br \/>\nFabricada en hierro, se presta magn\u00edficamente a la decoracion residencial y tambien a las necesidades de la iluminaci\u00f3n para restoranes o negocios<br \/>\nMaterial metalico de alta resistencia<br \/>\nSoquete tradicional E27<br \/>\nMedidas estructura 25 Cm cada lado<br \/>\nCable 1,2 Mt<br \/>\nColor soquete Negro<br \/>\nColor estructura Negro<\/p>\n<p>Incluye ampolleta Led Vintage de Regalo DE 4W<br \/>\nMaterial Metal<br \/>\nIncluye cable y canope para fijar a techo<\/p>\n","protected":false},"excerpt":{"rendered":"<p>Lampara Colgante Modelo Cuadrado Dise\u00f1ada para decorar todo tipo de ambientes Fabricada en hierro, se presta magn\u00edficamente a la decoracion residencial y tambien a las necesidades de la iluminaci\u00f3n para restoranes o negocios Material metalico de alta resistencia Soquete tradicional E27 Medidas estructura 25 Cm cada lado Cable 1,2 Mt Color soquete Negro Color estructura [&#8230;]\n","protected":false},"featured_media":27088,"comment_status":"open","ping_status":"closed","template":"","meta":{"_joinchat":[]},"product_brand":[],"product_cat":[92,93,103,111,105],"product_tag":[134,120,122,147,148,124],"class_list":{"0":"post-27084","1":"product","2":"type-product","3":"status-publish","4":"has-post-thumbnail","6":"product_cat-productos-led","7":"product_cat-ampolletas-led","8":"product_cat-lamparas-y-apliques","9":"product_cat-lamparas-colgantes","10":"product_cat-lamparas-vintage","11":"product_tag-ampolleta-vintage","12":"product_tag-lampara","13":"product_tag-lampara-colgante","14":"product_tag-lampara-rustica","15":"product_tag-lampara-techo","16":"product_tag-lampara-vintage","18":"first","19":"instock","20":"sale","21":"shipping-taxable","22":"purchasable","23":"product-type-simple"},"_links":{"self":[{"href":"https:\/\/www.tiendaled.cl\/index.php?rest_route=\/wp\/v2\/product\/27084","targetHints":{"allow":["GET"]}}],"collection":[{"href":"https:\/\/www.tiendaled.cl\/index.php?rest_route=\/wp\/v2\/product"}],"about":[{"href":"https:\/\/www.tiendaled.cl\/index.php?rest_route=\/wp\/v2\/types\/product"}],"replies":[{"embeddable":true,"href":"https:\/\/www.tiendaled.cl\/index.php?rest_route=%2Fwp%2Fv2%2Fcomments&post=27084"}],"wp:featuredmedia":[{"embeddable":true,"href":"https:\/\/www.tiendaled.cl\/index.php?rest_route=\/wp\/v2\/media\/27088"}],"wp:attachment":[{"href":"https:\/\/www.tiendaled.cl\/index.php?rest_route=%2Fwp%2Fv2%2Fmedia&parent=27084"}],"wp:term":[{"taxonomy":"product_brand","embeddable":true,"href":"https:\/\/www.tiendaled.cl\/index.php?rest_route=%2Fwp%2Fv2%2Fproduct_brand&post=27084"},{"taxonomy":"product_cat","embeddable":true,"href":"https:\/\/www.tiendaled.cl\/index.php?rest_route=%2Fwp%2Fv2%2Fproduct_cat&post=27084"},{"taxonomy":"product_tag","embeddable":true,"href":"https:\/\/www.tiendaled.cl\/index.php?rest_route=%2Fwp%2Fv2%2Fproduct_tag&post=27084"}],"curies":[{"name":"wp","href":"https:\/\/api.w.org\/{rel}","templated":true}]}}