{"id":27040,"date":"2020-12-27T21:57:43","date_gmt":"2020-12-27T23:57:43","guid":{"rendered":"https:\/\/www.tiendaled.cl\/?post_type=product&#038;p=27040"},"modified":"2023-01-15T18:22:44","modified_gmt":"2023-01-15T20:22:44","slug":"lampara-colgante-jaula-30cm-x-45cm-negra-incluye-ampolleta","status":"publish","type":"product","link":"https:\/\/www.tiendaled.cl\/?product=lampara-colgante-jaula-30cm-x-45cm-negra-incluye-ampolleta","title":{"rendered":"Lampara Colgante Jaula 30cm X 45cm Negra Incluye Ampolleta"},"content":{"rendered":"<p>Lampara Colgante Jaula 30x45cm C<br \/>\nL\u00e1mpara de techo colgante y pantalla de hierro con acabado en Negro y forma de Jaula.<br \/>\nUna l\u00e1mpara de estilo industrial con un dise\u00f1o muy actual.<\/p>\n<p>Con este tipo de pantalla obtendremos una iluminaci\u00f3n general ideal para cualquier lugar de la casa y a su vez conseguiremos un toque de dise\u00f1o elegante y actual.<br \/>\nUtiliza Ampolleta E27, 60w m\u00e1x. ( no incluida )<\/p>\n<p>Puede ser instalada en cualquier lugar de su residencia, asi como tambien a las necesidades de la iluminaci\u00f3n para restoranes o negocios<\/p>\n<p>Medidas estructura 30 x 45 Cm<br \/>\nCable 1,0 Mt Ajustable<br \/>\nColor soquete blanco<br \/>\nColor estructura blanco<br \/>\nFuente de luz Entrada E27<br \/>\nIncluye ampolleta led Vintage de regalo<br \/>\nMaterial Metal<br \/>\nIncluye cable l y canope para fijar a techo<\/p>\n","protected":false},"excerpt":{"rendered":"<p>Lampara Colgante Jaula 30x45cm C L\u00e1mpara de techo colgante y pantalla de hierro con acabado en Negro y forma de Jaula. Una l\u00e1mpara de estilo industrial con un dise\u00f1o muy actual. Con este tipo de pantalla obtendremos una iluminaci\u00f3n general ideal para cualquier lugar de la casa y a su vez conseguiremos un toque de [&#8230;]\n","protected":false},"featured_media":27053,"comment_status":"open","ping_status":"closed","template":"","meta":{"_joinchat":[]},"product_brand":[],"product_cat":[92,103,111,105],"product_tag":[120,122,147,124],"class_list":{"0":"post-27040","1":"product","2":"type-product","3":"status-publish","4":"has-post-thumbnail","6":"product_cat-productos-led","7":"product_cat-lamparas-y-apliques","8":"product_cat-lamparas-colgantes","9":"product_cat-lamparas-vintage","10":"product_tag-lampara","11":"product_tag-lampara-colgante","12":"product_tag-lampara-rustica","13":"product_tag-lampara-vintage","15":"first","16":"instock","17":"shipping-taxable","18":"purchasable","19":"product-type-simple"},"_links":{"self":[{"href":"https:\/\/www.tiendaled.cl\/index.php?rest_route=\/wp\/v2\/product\/27040","targetHints":{"allow":["GET"]}}],"collection":[{"href":"https:\/\/www.tiendaled.cl\/index.php?rest_route=\/wp\/v2\/product"}],"about":[{"href":"https:\/\/www.tiendaled.cl\/index.php?rest_route=\/wp\/v2\/types\/product"}],"replies":[{"embeddable":true,"href":"https:\/\/www.tiendaled.cl\/index.php?rest_route=%2Fwp%2Fv2%2Fcomments&post=27040"}],"wp:featuredmedia":[{"embeddable":true,"href":"https:\/\/www.tiendaled.cl\/index.php?rest_route=\/wp\/v2\/media\/27053"}],"wp:attachment":[{"href":"https:\/\/www.tiendaled.cl\/index.php?rest_route=%2Fwp%2Fv2%2Fmedia&parent=27040"}],"wp:term":[{"taxonomy":"product_brand","embeddable":true,"href":"https:\/\/www.tiendaled.cl\/index.php?rest_route=%2Fwp%2Fv2%2Fproduct_brand&post=27040"},{"taxonomy":"product_cat","embeddable":true,"href":"https:\/\/www.tiendaled.cl\/index.php?rest_route=%2Fwp%2Fv2%2Fproduct_cat&post=27040"},{"taxonomy":"product_tag","embeddable":true,"href":"https:\/\/www.tiendaled.cl\/index.php?rest_route=%2Fwp%2Fv2%2Fproduct_tag&post=27040"}],"curies":[{"name":"wp","href":"https:\/\/api.w.org\/{rel}","templated":true}]}}