{"id":26947,"date":"2020-12-21T00:58:11","date_gmt":"2020-12-21T02:58:11","guid":{"rendered":"https:\/\/www.tiendaled.cl\/?post_type=product&#038;p=26947"},"modified":"2026-03-24T17:41:49","modified_gmt":"2026-03-24T19:41:49","slug":"ampolleta-vintage-tubo-led-filamento-6w-e27-luz-calida","status":"publish","type":"product","link":"https:\/\/www.tiendaled.cl\/?product=ampolleta-vintage-tubo-led-filamento-6w-e27-luz-calida","title":{"rendered":"Ampolleta Vintage Tubo Led Filamento 6w E27 Luz Calida"},"content":{"rendered":"<p>Ampolleta Vintage Led Filamento Tipo TUBO 6w E27 Luz Calida<\/p>\n<p>Ampolleta para soquetes convencionales E27.<br \/>\nAlta potencia lum\u00ednica, ahorro de hasta el 90% en su consumo de luz.<br \/>\nNovedoso dise\u00f1o con \u201cFilamentos LED\u201d que emulan a los decorativas y vintage bulbos Edison con filamento de tungsteno.<\/p>\n<p>Las ampolletas Led de bajo consumo, suponen una alternativa ecol\u00f3gica de gran calidad con amplias posibilidades de decoraci\u00f3n y ahorro energ\u00e9tico.<br \/>\nIluminaci\u00f3n LED de \u00faltima generaci\u00f3n<br \/>\n&#8211; Bajo consumo<br \/>\n&#8211; Se enciende al instante<br \/>\n&#8211; M\u00e1ximo ahorro de energ\u00eda<br \/>\n&#8211; Alta eficiencia<br \/>\n&#8211; M\u00e1xima duraci\u00f3n<br \/>\n&#8211; F\u00e1cil instalaci\u00f3n<br \/>\n&#8211; Sin sustancias nocivas ni contaminantes<\/p>\n<p>Especificaciones:<br \/>\n&#8211; Voltaje: 200\u2013 240V AC<br \/>\n&#8211; Base: E27 (Rosca tradicional)<br \/>\n&#8211; LEDs: 6 LED de Filamento<br \/>\n&#8211; Consumo: \u00b16W<br \/>\n&#8211; Color: C\u00e1lido (Aprox. 2.200\u00baK)<br \/>\n&#8211; Luminosidad: Aprox. 540 L\u00famenes. (Eq:\u00b160W incandescente)<br \/>\n&#8211; Angulo de Luz: 360\u00b0 efectivos.<br \/>\n&#8211; Duraci\u00f3n aprox: 20.000 horas<br \/>\n&#8211; Temperatura de funcionamiento: Aprox. \u2013 20\u00bf ~ + 40\u00bf<\/p>\n<p>Caracter\u00edsticas:<br \/>\n&#8211; Medidas: 30\u00d7300mm<br \/>\n&#8211; Material: Rosca de aluminio y tubo de vidrio con gas difusor de temperatura.<br \/>\n&#8211;<\/p>\n<p>SOLO DEBE CAMBIAR SU ANTIGUA Ampolleta INCANDECENTE O BAJO CONSUMO POR ESTA Y ESTARA AHORRANDO EN SU CUENTA DE LUZ<br \/>\nNO SE CALIENTAN<\/p>\n<p>Son ideales para usar en decoraci\u00f3n, hoteles, bodegas de vinos, cavas, ambientes r\u00fasticos, solas como l\u00e1mpara es s\u00ed, etc<br \/>\nAPTO PARA USO INTERNO SOLAMENTE (CASA, OFICINA, NEGOCIO, HOTELES, ETC)<\/p>\n","protected":false},"excerpt":{"rendered":"<p>Ampolleta Vintage Led Filamento Tipo TUBO 6w E27 Luz Calida Ampolleta para soquetes convencionales E27. Alta potencia lum\u00ednica, ahorro de hasta el 90% en su consumo de luz. Novedoso dise\u00f1o con \u201cFilamentos LED\u201d que emulan a los decorativas y vintage bulbos Edison con filamento de tungsteno. Las ampolletas Led de bajo consumo, suponen una alternativa [&#8230;]\n","protected":false},"featured_media":26948,"comment_status":"open","ping_status":"closed","template":"","meta":{"_joinchat":[]},"product_brand":[],"product_cat":[92,93,95,101],"product_tag":[149,135,134],"class_list":{"0":"post-26947","1":"product","2":"type-product","3":"status-publish","4":"has-post-thumbnail","6":"product_cat-productos-led","7":"product_cat-ampolletas-led","8":"product_cat-tubos-led","9":"product_cat-luminaria-led","10":"product_tag-ampolleta-decorativa","11":"product_tag-ampolleta-led","12":"product_tag-ampolleta-vintage","14":"first","15":"instock","16":"shipping-taxable","17":"purchasable","18":"product-type-simple"},"_links":{"self":[{"href":"https:\/\/www.tiendaled.cl\/index.php?rest_route=\/wp\/v2\/product\/26947","targetHints":{"allow":["GET"]}}],"collection":[{"href":"https:\/\/www.tiendaled.cl\/index.php?rest_route=\/wp\/v2\/product"}],"about":[{"href":"https:\/\/www.tiendaled.cl\/index.php?rest_route=\/wp\/v2\/types\/product"}],"replies":[{"embeddable":true,"href":"https:\/\/www.tiendaled.cl\/index.php?rest_route=%2Fwp%2Fv2%2Fcomments&post=26947"}],"wp:featuredmedia":[{"embeddable":true,"href":"https:\/\/www.tiendaled.cl\/index.php?rest_route=\/wp\/v2\/media\/26948"}],"wp:attachment":[{"href":"https:\/\/www.tiendaled.cl\/index.php?rest_route=%2Fwp%2Fv2%2Fmedia&parent=26947"}],"wp:term":[{"taxonomy":"product_brand","embeddable":true,"href":"https:\/\/www.tiendaled.cl\/index.php?rest_route=%2Fwp%2Fv2%2Fproduct_brand&post=26947"},{"taxonomy":"product_cat","embeddable":true,"href":"https:\/\/www.tiendaled.cl\/index.php?rest_route=%2Fwp%2Fv2%2Fproduct_cat&post=26947"},{"taxonomy":"product_tag","embeddable":true,"href":"https:\/\/www.tiendaled.cl\/index.php?rest_route=%2Fwp%2Fv2%2Fproduct_tag&post=26947"}],"curies":[{"name":"wp","href":"https:\/\/api.w.org\/{rel}","templated":true}]}}