{"id":26903,"date":"2020-12-20T13:12:36","date_gmt":"2020-12-20T15:12:36","guid":{"rendered":"https:\/\/www.tiendaled.cl\/?post_type=product&#038;p=26903"},"modified":"2020-12-20T13:13:28","modified_gmt":"2020-12-20T15:13:28","slug":"ampolleta-led-10w-dimeable-luz-calida-y-luz-fria","status":"publish","type":"product","link":"https:\/\/www.tiendaled.cl\/?product=ampolleta-led-10w-dimeable-luz-calida-y-luz-fria","title":{"rendered":"Ampolleta Led 10w *dimeable* Luz Calida y Luz Fria"},"content":{"rendered":"<p>Ampollete LED 10W REGULABLE\/DIMEABLE<\/p>\n<p>Ampolleta LED que proporciona un gran ahorro energ\u00e9tico al sustituirla por una bombilla hal\u00f3gena tradicional, ya que con un consumo de 10W obtenemos un flujo luminoso de 820 l\u00famenes , consiguiendo de esta forma un ahorro del 80% en nuestra cuenta de la luz.<br \/>\nAl ser dimeable, podr\u00e1s ajustar la intensidad de la luz mediante un regulador\/atenuador (dimmer).<\/p>\n<p>Ampolleta de encendido inmediato, sin parpadeos y con una larga vida \u00fatil de 15.000 horas, tiene adem\u00e1s la ventaja de no emitir ninguna sustancia nociva.<\/p>\n<p>Ampolleta tipo est\u00e1ndar LED 10W dimmable E27 (rosca grande) 820 l\u00famenes.<br \/>\nRegulable en intensidad\/Dimmable.<br \/>\nVida \u00fatil de 25.000 horas.<br \/>\nDisponible en 2700K (c\u00e1lida) y 6500K (blanco neutro).<br \/>\nAlto &#8211; 10.8 cm<br \/>\nDi\u00e1metro &#8211; 6 cm<br \/>\nSoquete- E27 (Rosca grande)<br \/>\nTecnolog\u00eda de iluminaci\u00f3n &#8211; LED 10W 820 lm<br \/>\n\u00c1ngulo &#8211; 160\u00ba<br \/>\nRegulable (dimeable) &#8211; Si.<\/p>\n<p>&nbsp;<\/p>\n<p>&nbsp;<\/p>\n","protected":false},"excerpt":{"rendered":"<p>Ampollete LED 10W REGULABLE\/DIMEABLE Ampolleta LED que proporciona un gran ahorro energ\u00e9tico al sustituirla por una bombilla hal\u00f3gena tradicional, ya que con un consumo de 10W obtenemos un flujo luminoso de 820 l\u00famenes , consiguiendo de esta forma un ahorro del 80% en nuestra cuenta de la luz. Al ser dimeable, podr\u00e1s ajustar la intensidad [&#8230;]\n","protected":false},"featured_media":26906,"comment_status":"open","ping_status":"closed","template":"","meta":{"_joinchat":[]},"product_brand":[],"product_cat":[92,93],"product_tag":[187,135],"class_list":{"0":"post-26903","1":"product","2":"type-product","3":"status-publish","4":"has-post-thumbnail","6":"product_cat-productos-led","7":"product_cat-ampolletas-led","8":"product_tag-ampolleta-dimeable","9":"product_tag-ampolleta-led","11":"first","12":"instock","13":"shipping-taxable","14":"purchasable","15":"product-type-simple"},"_links":{"self":[{"href":"https:\/\/www.tiendaled.cl\/index.php?rest_route=\/wp\/v2\/product\/26903","targetHints":{"allow":["GET"]}}],"collection":[{"href":"https:\/\/www.tiendaled.cl\/index.php?rest_route=\/wp\/v2\/product"}],"about":[{"href":"https:\/\/www.tiendaled.cl\/index.php?rest_route=\/wp\/v2\/types\/product"}],"replies":[{"embeddable":true,"href":"https:\/\/www.tiendaled.cl\/index.php?rest_route=%2Fwp%2Fv2%2Fcomments&post=26903"}],"wp:featuredmedia":[{"embeddable":true,"href":"https:\/\/www.tiendaled.cl\/index.php?rest_route=\/wp\/v2\/media\/26906"}],"wp:attachment":[{"href":"https:\/\/www.tiendaled.cl\/index.php?rest_route=%2Fwp%2Fv2%2Fmedia&parent=26903"}],"wp:term":[{"taxonomy":"product_brand","embeddable":true,"href":"https:\/\/www.tiendaled.cl\/index.php?rest_route=%2Fwp%2Fv2%2Fproduct_brand&post=26903"},{"taxonomy":"product_cat","embeddable":true,"href":"https:\/\/www.tiendaled.cl\/index.php?rest_route=%2Fwp%2Fv2%2Fproduct_cat&post=26903"},{"taxonomy":"product_tag","embeddable":true,"href":"https:\/\/www.tiendaled.cl\/index.php?rest_route=%2Fwp%2Fv2%2Fproduct_tag&post=26903"}],"curies":[{"name":"wp","href":"https:\/\/api.w.org\/{rel}","templated":true}]}}