{"id":20857,"date":"2020-04-17T07:22:12","date_gmt":"2020-04-17T09:22:12","guid":{"rendered":"https:\/\/www.tiendaled.cl\/?post_type=product&#038;p=20857"},"modified":"2025-11-24T15:31:53","modified_gmt":"2025-11-24T17:31:53","slug":"lampara-aplique-art-deco-muro-techo","status":"publish","type":"product","link":"https:\/\/www.tiendaled.cl\/?product=lampara-aplique-art-deco-muro-techo","title":{"rendered":"Lampara Aplique Art-Deco Muro-techo"},"content":{"rendered":"<p>Lampara Aplique Techo y Muro<\/p>\n<p>De dise\u00f1o minimalista y contempor\u00e1neo crea un ambiente rom\u00e1ntico y es adecuado para la decoraci\u00f3n del hogar.<br \/>\nEl estilo Art Deco es ideal para el comedor, dormitorio o sal\u00f3n.<br \/>\nPuede ser instalada tanto en el techo como la pared<\/p>\n<p>Soquete Tradcional E27<br \/>\nINCLUYE DE REGALO UNA AMPOLLETA LED VINTAGE DE 4W<\/p>\n<p>Ideal para ser instalada en restaurantes, cafeter\u00edas, fiestas, hogar, oficina, cocina, comedor, dormitorio, estudio, s\u00f3tano, bar, club, cabecera, etc.<\/p>\n","protected":false},"excerpt":{"rendered":"<p>Lampara Aplique Techo y Muro De dise\u00f1o minimalista y contempor\u00e1neo crea un ambiente rom\u00e1ntico y es adecuado para la decoraci\u00f3n del hogar. El estilo Art Deco es ideal para el comedor, dormitorio o sal\u00f3n. Puede ser instalada tanto en el techo como la pared Soquete Tradcional E27 INCLUYE DE REGALO UNA AMPOLLETA LED VINTAGE DE [&#8230;]\n","protected":false},"featured_media":20864,"comment_status":"open","ping_status":"closed","template":"","meta":{"_joinchat":[]},"product_brand":[],"product_cat":[103,106,104,108],"product_tag":[132,145,144,147,148,124],"class_list":{"0":"post-20857","1":"product","2":"type-product","3":"status-publish","4":"has-post-thumbnail","6":"product_cat-lamparas-y-apliques","7":"product_cat-apliques","8":"product_cat-apliques-vintage","9":"product_cat-lamparas-de-muro","10":"product_tag-aplique-muro","11":"product_tag-aplique-retro","12":"product_tag-aplique-vintage","13":"product_tag-lampara-rustica","14":"product_tag-lampara-techo","15":"product_tag-lampara-vintage","17":"first","18":"instock","19":"shipping-taxable","20":"purchasable","21":"product-type-simple"},"_links":{"self":[{"href":"https:\/\/www.tiendaled.cl\/index.php?rest_route=\/wp\/v2\/product\/20857","targetHints":{"allow":["GET"]}}],"collection":[{"href":"https:\/\/www.tiendaled.cl\/index.php?rest_route=\/wp\/v2\/product"}],"about":[{"href":"https:\/\/www.tiendaled.cl\/index.php?rest_route=\/wp\/v2\/types\/product"}],"replies":[{"embeddable":true,"href":"https:\/\/www.tiendaled.cl\/index.php?rest_route=%2Fwp%2Fv2%2Fcomments&post=20857"}],"wp:featuredmedia":[{"embeddable":true,"href":"https:\/\/www.tiendaled.cl\/index.php?rest_route=\/wp\/v2\/media\/20864"}],"wp:attachment":[{"href":"https:\/\/www.tiendaled.cl\/index.php?rest_route=%2Fwp%2Fv2%2Fmedia&parent=20857"}],"wp:term":[{"taxonomy":"product_brand","embeddable":true,"href":"https:\/\/www.tiendaled.cl\/index.php?rest_route=%2Fwp%2Fv2%2Fproduct_brand&post=20857"},{"taxonomy":"product_cat","embeddable":true,"href":"https:\/\/www.tiendaled.cl\/index.php?rest_route=%2Fwp%2Fv2%2Fproduct_cat&post=20857"},{"taxonomy":"product_tag","embeddable":true,"href":"https:\/\/www.tiendaled.cl\/index.php?rest_route=%2Fwp%2Fv2%2Fproduct_tag&post=20857"}],"curies":[{"name":"wp","href":"https:\/\/api.w.org\/{rel}","templated":true}]}}