{"id":18070,"date":"2020-03-01T14:05:06","date_gmt":"2020-03-01T16:05:06","guid":{"rendered":"https:\/\/www.tiendaled.cl\/?post_type=product&#038;p=18070"},"modified":"2025-12-03T12:54:34","modified_gmt":"2025-12-03T14:54:34","slug":"lampara-colgante-tubo-cilindrico-ampolleta-gu10-negra-blanca","status":"publish","type":"product","link":"https:\/\/www.tiendaled.cl\/?product=lampara-colgante-tubo-cilindrico-ampolleta-gu10-negra-blanca","title":{"rendered":"Lampara Colgante Tubo Cilindrico Ampolleta Gu10 Negra &#8211; Blanca"},"content":{"rendered":"<p>Lampara colgante tubo largo cilindrica<br \/>\nDiseno creativo de la cola de la lampara; la linea colgante se puede quitar directamente, luego el techo.<br \/>\nChasis de aluminio grueso; aspecto hermoso, durable, antioxidante, anticorrosion, lustre de la textura.<\/p>\n<p>L\u00e1mpara de dise\u00f1o muy elegante en forma cil\u00edndrica, hecha de aluminio lacado en negro y blanco.<br \/>\nEl cable tiene un acabado t\u00e9xtil del mismo color que el resto de la l\u00e1mpara.<\/p>\n<p>Tipo de portal\u00e1mparas: GU10 1 . Max x 50 W,<br \/>\nAdecuado para: Incandescentes,Hal\u00f3gena,LED,Bombilla de bajo consumo .<br \/>\nVoltaje: 220V\/0V<br \/>\nTipo de protecci\u00f3n: [IP0] Sin protecci\u00f3n contra el agua .<\/p>\n<p>Medidas Cilindro 6cm de diametro 20 cm de largo<\/p>\n","protected":false},"excerpt":{"rendered":"<p>Lampara colgante tubo largo cilindrica Diseno creativo de la cola de la lampara; la linea colgante se puede quitar directamente, luego el techo. Chasis de aluminio grueso; aspecto hermoso, durable, antioxidante, anticorrosion, lustre de la textura. L\u00e1mpara de dise\u00f1o muy elegante en forma cil\u00edndrica, hecha de aluminio lacado en negro y blanco. El cable tiene [&#8230;]\n","protected":false},"featured_media":18090,"comment_status":"open","ping_status":"closed","template":"","meta":{"_joinchat":[]},"product_brand":[],"product_cat":[15],"product_tag":[122,177,148],"class_list":{"0":"post-18070","1":"product","2":"type-product","3":"status-publish","4":"has-post-thumbnail","6":"product_cat-uncategorized","7":"product_tag-lampara-colgante","8":"product_tag-lampara-moderna","9":"product_tag-lampara-techo","11":"first","12":"instock","13":"shipping-taxable","14":"purchasable","15":"product-type-simple"},"_links":{"self":[{"href":"https:\/\/www.tiendaled.cl\/index.php?rest_route=\/wp\/v2\/product\/18070","targetHints":{"allow":["GET"]}}],"collection":[{"href":"https:\/\/www.tiendaled.cl\/index.php?rest_route=\/wp\/v2\/product"}],"about":[{"href":"https:\/\/www.tiendaled.cl\/index.php?rest_route=\/wp\/v2\/types\/product"}],"replies":[{"embeddable":true,"href":"https:\/\/www.tiendaled.cl\/index.php?rest_route=%2Fwp%2Fv2%2Fcomments&post=18070"}],"wp:featuredmedia":[{"embeddable":true,"href":"https:\/\/www.tiendaled.cl\/index.php?rest_route=\/wp\/v2\/media\/18090"}],"wp:attachment":[{"href":"https:\/\/www.tiendaled.cl\/index.php?rest_route=%2Fwp%2Fv2%2Fmedia&parent=18070"}],"wp:term":[{"taxonomy":"product_brand","embeddable":true,"href":"https:\/\/www.tiendaled.cl\/index.php?rest_route=%2Fwp%2Fv2%2Fproduct_brand&post=18070"},{"taxonomy":"product_cat","embeddable":true,"href":"https:\/\/www.tiendaled.cl\/index.php?rest_route=%2Fwp%2Fv2%2Fproduct_cat&post=18070"},{"taxonomy":"product_tag","embeddable":true,"href":"https:\/\/www.tiendaled.cl\/index.php?rest_route=%2Fwp%2Fv2%2Fproduct_tag&post=18070"}],"curies":[{"name":"wp","href":"https:\/\/api.w.org\/{rel}","templated":true}]}}