{"id":17610,"date":"2020-02-22T10:58:24","date_gmt":"2020-02-22T12:58:24","guid":{"rendered":"https:\/\/www.tiendaled.cl\/?post_type=product&#038;p=17610"},"modified":"2022-12-21T20:48:59","modified_gmt":"2022-12-21T22:48:59","slug":"lampara-de-cristal-ambar-estilo-nordico","status":"publish","type":"product","link":"https:\/\/www.tiendaled.cl\/?product=lampara-de-cristal-ambar-estilo-nordico","title":{"rendered":"Lampara De Cristal Ambar Estilo Nordico"},"content":{"rendered":"<p>La L\u00e1mpara de cristal color ambar, colgante antigua, con una pantalla de cristal te dar\u00e1 una sensaci\u00f3n industrial vintage, simple, cl\u00e1sica y tradicional.<\/p>\n<p>El cristal protege bien la bombilla y maximiza su luz, su color ambar entrega un color de luz unico a esos espacios donde la instale<\/p>\n<p>Iluminaci\u00f3n colgante perfecta para su cocina, cafeter\u00eda, comedor, dormitorio, bar u oficina, entrada, patios.<\/p>\n<p>Puede aumentar el ambiente cl\u00e1sico en cualquier espacio<br \/>\nLa sombra que entrega le llevar\u00e1 de vuelta al siglo XIX y a principios del XX.<br \/>\nIncluye toldo, cord\u00f3n negro con tapa base de metal negro.<\/p>\n<p>INCLUYE DE REGALO UNA AMPOLLETA LED VINTAGE DE FILAMENTO DE LED<\/p>\n","protected":false},"excerpt":{"rendered":"<p>La L\u00e1mpara de cristal color ambar, colgante antigua, con una pantalla de cristal te dar\u00e1 una sensaci\u00f3n industrial vintage, simple, cl\u00e1sica y tradicional. El cristal protege bien la bombilla y maximiza su luz, su color ambar entrega un color de luz unico a esos espacios donde la instale Iluminaci\u00f3n colgante perfecta para su cocina, cafeter\u00eda, [&#8230;]\n","protected":false},"featured_media":19870,"comment_status":"open","ping_status":"closed","template":"","meta":{"_joinchat":[]},"product_brand":[],"product_cat":[15],"product_tag":[135,134,122,177,148,124],"class_list":{"0":"post-17610","1":"product","2":"type-product","3":"status-publish","4":"has-post-thumbnail","6":"product_cat-uncategorized","7":"product_tag-ampolleta-led","8":"product_tag-ampolleta-vintage","9":"product_tag-lampara-colgante","10":"product_tag-lampara-moderna","11":"product_tag-lampara-techo","12":"product_tag-lampara-vintage","14":"first","15":"instock","16":"shipping-taxable","17":"purchasable","18":"product-type-simple"},"_links":{"self":[{"href":"https:\/\/www.tiendaled.cl\/index.php?rest_route=\/wp\/v2\/product\/17610","targetHints":{"allow":["GET"]}}],"collection":[{"href":"https:\/\/www.tiendaled.cl\/index.php?rest_route=\/wp\/v2\/product"}],"about":[{"href":"https:\/\/www.tiendaled.cl\/index.php?rest_route=\/wp\/v2\/types\/product"}],"replies":[{"embeddable":true,"href":"https:\/\/www.tiendaled.cl\/index.php?rest_route=%2Fwp%2Fv2%2Fcomments&post=17610"}],"wp:featuredmedia":[{"embeddable":true,"href":"https:\/\/www.tiendaled.cl\/index.php?rest_route=\/wp\/v2\/media\/19870"}],"wp:attachment":[{"href":"https:\/\/www.tiendaled.cl\/index.php?rest_route=%2Fwp%2Fv2%2Fmedia&parent=17610"}],"wp:term":[{"taxonomy":"product_brand","embeddable":true,"href":"https:\/\/www.tiendaled.cl\/index.php?rest_route=%2Fwp%2Fv2%2Fproduct_brand&post=17610"},{"taxonomy":"product_cat","embeddable":true,"href":"https:\/\/www.tiendaled.cl\/index.php?rest_route=%2Fwp%2Fv2%2Fproduct_cat&post=17610"},{"taxonomy":"product_tag","embeddable":true,"href":"https:\/\/www.tiendaled.cl\/index.php?rest_route=%2Fwp%2Fv2%2Fproduct_tag&post=17610"}],"curies":[{"name":"wp","href":"https:\/\/api.w.org\/{rel}","templated":true}]}}