{"id":16994,"date":"2020-02-10T23:33:29","date_gmt":"2020-02-11T01:33:29","guid":{"rendered":"https:\/\/www.tiendaled.cl\/?post_type=product&#038;p=16994"},"modified":"2023-06-25T10:08:29","modified_gmt":"2023-06-25T12:08:29","slug":"lampara-colgante-jaula-hierro-azor-cobre-ampolleta-vintage","status":"publish","type":"product","link":"https:\/\/www.tiendaled.cl\/?product=lampara-colgante-jaula-hierro-azor-cobre-ampolleta-vintage","title":{"rendered":"L\u00e1mpara Colgante Jaula Hierro Azor Cobre + Ampolleta Vintage"},"content":{"rendered":"<p>L\u00c1MPARA VINTAGE JAULA HIERRO MODELO AZOR COLOR COBRE<br \/>\nIncluye ampolleta led vintage de filamentos de 4W<\/p>\n<p>L\u00e1mpara vintage Jaula Azor estilo vintage<br \/>\nColor dorado para AMPOLLETAS DE SOQUETE E27<br \/>\nIdeal para AMPOLLEAS LED VINTAGE.<br \/>\nPara aplicaciones de interior.<br \/>\nConstrucci\u00f3n met\u00e1lica.<br \/>\nIncluye cable de 1 metro.<br \/>\nIncluye Ampolleta Vintage Modelo A60 de filamento led<br \/>\nMEDIDAS AN*LA: 150X200MM<br \/>\nCable 1,2 Mt<\/p>\n<p>Esta L\u00c1MPARA VINTAGE en color dorado es de s\u00f3lida construcci\u00f3n gracias a sus reja met\u00e1lica.<br \/>\nSu DISE\u00d1O MINIMALISTA la convierte en una gran opci\u00f3n para decoraciones de interior.<br \/>\nIdeal para combinar con ampolletas led que permitan crear diferentes ambientes lum\u00ednicos para bares, restaurantes y hoteles.<br \/>\nPensada para aplicar en interiores e instalar en cobertizoz, quincho u otros ambientes de su casa<\/p>\n","protected":false},"excerpt":{"rendered":"<p>L\u00c1MPARA VINTAGE JAULA HIERRO MODELO AZOR COLOR COBRE Incluye ampolleta led vintage de filamentos de 4W L\u00e1mpara vintage Jaula Azor estilo vintage Color dorado para AMPOLLETAS DE SOQUETE E27 Ideal para AMPOLLEAS LED VINTAGE. Para aplicaciones de interior. Construcci\u00f3n met\u00e1lica. Incluye cable de 1 metro. Incluye Ampolleta Vintage Modelo A60 de filamento led MEDIDAS AN*LA: [&#8230;]\n","protected":false},"featured_media":16995,"comment_status":"open","ping_status":"closed","template":"","meta":{"_joinchat":[]},"product_brand":[],"product_cat":[15],"product_tag":[122,147,148,124],"class_list":{"0":"post-16994","1":"product","2":"type-product","3":"status-publish","4":"has-post-thumbnail","6":"product_cat-uncategorized","7":"product_tag-lampara-colgante","8":"product_tag-lampara-rustica","9":"product_tag-lampara-techo","10":"product_tag-lampara-vintage","12":"first","13":"instock","14":"shipping-taxable","15":"purchasable","16":"product-type-simple"},"_links":{"self":[{"href":"https:\/\/www.tiendaled.cl\/index.php?rest_route=\/wp\/v2\/product\/16994","targetHints":{"allow":["GET"]}}],"collection":[{"href":"https:\/\/www.tiendaled.cl\/index.php?rest_route=\/wp\/v2\/product"}],"about":[{"href":"https:\/\/www.tiendaled.cl\/index.php?rest_route=\/wp\/v2\/types\/product"}],"replies":[{"embeddable":true,"href":"https:\/\/www.tiendaled.cl\/index.php?rest_route=%2Fwp%2Fv2%2Fcomments&post=16994"}],"wp:featuredmedia":[{"embeddable":true,"href":"https:\/\/www.tiendaled.cl\/index.php?rest_route=\/wp\/v2\/media\/16995"}],"wp:attachment":[{"href":"https:\/\/www.tiendaled.cl\/index.php?rest_route=%2Fwp%2Fv2%2Fmedia&parent=16994"}],"wp:term":[{"taxonomy":"product_brand","embeddable":true,"href":"https:\/\/www.tiendaled.cl\/index.php?rest_route=%2Fwp%2Fv2%2Fproduct_brand&post=16994"},{"taxonomy":"product_cat","embeddable":true,"href":"https:\/\/www.tiendaled.cl\/index.php?rest_route=%2Fwp%2Fv2%2Fproduct_cat&post=16994"},{"taxonomy":"product_tag","embeddable":true,"href":"https:\/\/www.tiendaled.cl\/index.php?rest_route=%2Fwp%2Fv2%2Fproduct_tag&post=16994"}],"curies":[{"name":"wp","href":"https:\/\/api.w.org\/{rel}","templated":true}]}}