{"id":14494,"date":"2019-12-28T19:37:13","date_gmt":"2019-12-28T21:37:13","guid":{"rendered":"https:\/\/www.tiendaled.cl\/?post_type=product&#038;p=14494"},"modified":"2025-08-10T23:47:35","modified_gmt":"2025-08-11T01:47:35","slug":"lampara-techo-jaula-redonda-color-cobre-incluye-ampolleta","status":"publish","type":"product","link":"https:\/\/www.tiendaled.cl\/?product=lampara-techo-jaula-redonda-color-cobre-incluye-ampolleta","title":{"rendered":"L\u00e1mpara Techo Jaula Redonda Color Cobre Incluye Ampolleta"},"content":{"rendered":"<p>L\u00e1mpara ligera elegante de estilo del vintage y moderna<br \/>\nGenerosa y elegante decoraci\u00f3n para iluminar tu casa.<br \/>\nEsta encantadora pantalla redonda tipo jaula de hierro se integra perfectamente con las tendencias de Art-Decoration e Industrial Chic<br \/>\nCreando un hermoso y llamativo marco de luz.<br \/>\nCon l\u00edneas claras y n\u00edtidas, esta llamativa luz de metal color dorado har\u00e1 que tu espacio sea m\u00e1s interesante<br \/>\nTama\u00f1o: Longitud: 120cm largo del cable<br \/>\nEstructura Pantalla , Ancho: 20 cm, Alto 22cm<br \/>\nSoquete Tradicional E27 Incluye Ampolleta Vinatge de Filamento Led ,<br \/>\nMaterial: hierro de color dorado<\/p>\n<p>La forma geom\u00e9trica redonda interesante y din\u00e1mica de la luminaria colgante de metal hace que funcione bien en una variedad de entornos, Living, Comedor sala de estar, oficina, porche, garaje, dormitorio, cocina, bar, cafeter\u00eda, tienda, restaurante, balc\u00f3n, etc.<\/p>\n","protected":false},"excerpt":{"rendered":"<p>L\u00e1mpara ligera elegante de estilo del vintage y moderna Generosa y elegante decoraci\u00f3n para iluminar tu casa. Esta encantadora pantalla redonda tipo jaula de hierro se integra perfectamente con las tendencias de Art-Decoration e Industrial Chic Creando un hermoso y llamativo marco de luz. Con l\u00edneas claras y n\u00edtidas, esta llamativa luz de metal color [&#8230;]\n","protected":false},"featured_media":14496,"comment_status":"open","ping_status":"closed","template":"","meta":{"_joinchat":[]},"product_brand":[],"product_cat":[92,93,103,111,105],"product_tag":[149,134,175,122,148,124],"class_list":{"0":"post-14494","1":"product","2":"type-product","3":"status-publish","4":"has-post-thumbnail","6":"product_cat-productos-led","7":"product_cat-ampolletas-led","8":"product_cat-lamparas-y-apliques","9":"product_cat-lamparas-colgantes","10":"product_cat-lamparas-vintage","11":"product_tag-ampolleta-decorativa","12":"product_tag-ampolleta-vintage","13":"product_tag-lampara-cobre","14":"product_tag-lampara-colgante","15":"product_tag-lampara-techo","16":"product_tag-lampara-vintage","18":"first","19":"instock","20":"shipping-taxable","21":"purchasable","22":"product-type-simple"},"_links":{"self":[{"href":"https:\/\/www.tiendaled.cl\/index.php?rest_route=\/wp\/v2\/product\/14494","targetHints":{"allow":["GET"]}}],"collection":[{"href":"https:\/\/www.tiendaled.cl\/index.php?rest_route=\/wp\/v2\/product"}],"about":[{"href":"https:\/\/www.tiendaled.cl\/index.php?rest_route=\/wp\/v2\/types\/product"}],"replies":[{"embeddable":true,"href":"https:\/\/www.tiendaled.cl\/index.php?rest_route=%2Fwp%2Fv2%2Fcomments&post=14494"}],"wp:featuredmedia":[{"embeddable":true,"href":"https:\/\/www.tiendaled.cl\/index.php?rest_route=\/wp\/v2\/media\/14496"}],"wp:attachment":[{"href":"https:\/\/www.tiendaled.cl\/index.php?rest_route=%2Fwp%2Fv2%2Fmedia&parent=14494"}],"wp:term":[{"taxonomy":"product_brand","embeddable":true,"href":"https:\/\/www.tiendaled.cl\/index.php?rest_route=%2Fwp%2Fv2%2Fproduct_brand&post=14494"},{"taxonomy":"product_cat","embeddable":true,"href":"https:\/\/www.tiendaled.cl\/index.php?rest_route=%2Fwp%2Fv2%2Fproduct_cat&post=14494"},{"taxonomy":"product_tag","embeddable":true,"href":"https:\/\/www.tiendaled.cl\/index.php?rest_route=%2Fwp%2Fv2%2Fproduct_tag&post=14494"}],"curies":[{"name":"wp","href":"https:\/\/api.w.org\/{rel}","templated":true}]}}